{"id":7358,"date":"2025-07-25T10:58:54","date_gmt":"2025-07-25T08:58:54","guid":{"rendered":"https:\/\/logystem.ch\/qualitaetssoftware\/"},"modified":"2025-10-24T15:13:45","modified_gmt":"2025-10-24T13:13:45","slug":"qualitaetssoftware","status":"publish","type":"page","link":"https:\/\/logystem.ch\/de\/qualitaetssoftware\/","title":{"rendered":"Qualit\u00e4tssoftware"},"content":{"rendered":"<div class=\"wpb-content-wrapper\"><p>[vc_row][vc_column]\n\t\t\t<!-- START Logiciels REVOLUTION SLIDER 6.4.11 --><p class=\"rs-p-wp-fix\"><\/p>\n\t\t\t<rs-module-wrap id=\"rev_slider_15_1_wrapper\" data-source=\"gallery\" style=\"background:transparent;padding:0;margin:0px auto;margin-top:0;margin-bottom:0;\">\n\t\t\t\t<rs-module id=\"rev_slider_15_1\" style=\"\" data-version=\"6.4.11\">\n\t\t\t\t\t<rs-slides>\n\t\t\t\t\t\t<rs-slide data-key=\"rs-48\" data-title=\"Slide\" data-in=\"o:0;\" data-out=\"a:false;\">\n\t\t\t\t\t\t\t<img decoding=\"async\" src=\"\/\/logystem.ch\/wp-content\/plugins\/revslider\/public\/assets\/assets\/transparent.png\" alt=\"Slide\" title=\"Qualit\u00e4tssoftware\" class=\"rev-slidebg tp-rs-img\" data-no-retina>\n<!--\n\t\t\t\t\t\t\t--><rs-layer\n\t\t\t\t\t\t\t\tid=\"slider-15-slide-48-layer-1\" \n\t\t\t\t\t\t\t\tclass=\"rs-nolc rs-layer-video intrinsic-ignore\"\n\t\t\t\t\t\t\t\tdata-type=\"video\"\n\t\t\t\t\t\t\t\tdata-rsp_ch=\"on\"\n\t\t\t\t\t\t\t\tdata-text=\"w:normal;\"\n\t\t\t\t\t\t\t\tdata-dim=\"w:100%;h:100%;\"\n\t\t\t\t\t\t\t\tdata-basealign=\"slide\"\n\t\t\t\t\t\t\t\tdata-video=\"vfc:true;vd:100;noint:t;l:true;ptimer:true;nse:f;\"\n\t\t\t\t\t\t\t\tdata-poster=\"\/\/logystem.ch\/wp-content\/uploads\/revslider\/video-media\/sans_log_logiciel01_1_48_layer-scaled.jpeg\"\n\t\t\t\t\t\t\t\tdata-mp4=\"\/\/logystem.ch\/wp-content\/uploads\/2025\/07\/sans_log_logiciel01_1.mp4\"\n\t\t\t\t\t\t\t\tdata-frame_999=\"o:0;st:w;\"\n\t\t\t\t\t\t\t\tstyle=\"z-index:5;\"\n\t\t\t\t\t\t\t>\n\t\t\t\t\t\t\t<\/rs-layer><!--\n-->\t\t\t\t\t\t<\/rs-slide>\n\t\t\t\t\t<\/rs-slides>\n\t\t\t\t\t<rs-static-layers><!--\n\t\t\t\t\t--><\/rs-static-layers>\n\t\t\t\t<\/rs-module>\n\t\t\t\t<script type=\"text\/javascript\">\n\t\t\t\t\tsetREVStartSize({c: 'rev_slider_15_1',rl:[1240,1024,778,480],el:[900],gw:[1240],gh:[900],type:'standard',justify:'',layout:'fullwidth',mh:\"0\"});\n\t\t\t\t\tvar\trevapi15,\n\t\t\t\t\t\ttpj;\n\t\t\t\t\tfunction revinit_revslider151() {\n\t\t\t\t\tjQuery(function() {\n\t\t\t\t\t\ttpj = jQuery;\n\t\t\t\t\t\trevapi15 = tpj(\"#rev_slider_15_1\");\n\t\t\t\t\t\tif(revapi15==undefined || revapi15.revolution == undefined){\n\t\t\t\t\t\t\trevslider_showDoubleJqueryError(\"rev_slider_15_1\");\n\t\t\t\t\t\t}else{\n\t\t\t\t\t\t\trevapi15.revolution({\n\t\t\t\t\t\t\t\tDPR:\"dpr\",\n\t\t\t\t\t\t\t\tsliderLayout:\"fullwidth\",\n\t\t\t\t\t\t\t\tvisibilityLevels:\"1240,1024,778,480\",\n\t\t\t\t\t\t\t\tgridwidth:1240,\n\t\t\t\t\t\t\t\tgridheight:900,\n\t\t\t\t\t\t\t\tperspective:600,\n\t\t\t\t\t\t\t\tperspectiveType:\"global\",\n\t\t\t\t\t\t\t\teditorheight:\"900,768,960,720\",\n\t\t\t\t\t\t\t\tresponsiveLevels:\"1240,1024,778,480\",\n\t\t\t\t\t\t\t\tprogressBar:{disableProgressBar:true},\n\t\t\t\t\t\t\t\tnavigation: {\n\t\t\t\t\t\t\t\t\tonHoverStop:false\n\t\t\t\t\t\t\t\t},\n\t\t\t\t\t\t\t\tfallbacks: {\n\t\t\t\t\t\t\t\t\tallowHTML5AutoPlayOnAndroid:true\n\t\t\t\t\t\t\t\t},\n\t\t\t\t\t\t\t});\n\t\t\t\t\t\t}\n\t\t\t\t\t\t\n\t\t\t\t\t});\n\t\t\t\t\t} \/\/ End of RevInitScript\n\t\t\t\tvar once_revslider151 = false;\n\t\t\t\tif (document.readyState === \"loading\") {document.addEventListener('readystatechange',function() { if((document.readyState === \"interactive\" || document.readyState === \"complete\") && !once_revslider151 ) { once_revslider151 = true; revinit_revslider151();}});} else {once_revslider151 = true; revinit_revslider151();}\n\t\t\t\t<\/script>\n\t\t\t<\/rs-module-wrap>\n\t\t\t<!-- END REVOLUTION SLIDER -->\n[\/vc_column][\/vc_row][vc_row equal_height=&#8220;yes&#8220; content_text_aligment=&#8220;left&#8220; simple_background_color=&#8220;#24272a&#8220;][vc_column offset=&#8220;vc_col-lg-offset-0 vc_col-lg-4 vc_col-md-offset-0 vc_col-sm-offset-0&#8243;]<div class=\"mkd-elements-holder  mkd-eh-full-height mkd-one-column  mkd-responsive-mode-768 \" ><div class=\"mkd-eh-item   mkd-horizontal-alignment-center \" style=\"background-color: #24272a\" data-item-class=\"mkd-eh-custom-3473\" data-1280-1600=\"403px 6% 402px 28%\" data-1024-1280=\"403px 6% 402px 18%\" data-768-1024=\"99px 59% 120px 10%\" data-680-768=\"99px 46% 120px 15%\" data-680=\"103px 5% 120px\">\n\n\t<div class=\"mkd-eh-item-inner\">\n\n\t\t<div class=\"mkd-eh-item-content mkd-eh-custom-3473\" style=\"padding: 600px 25%\">\n\t\t\t<div class=\"mkd-section-title-holder  mkd-st-standard mkd-st-title-left mkd-st-normal-space \" style=\"text-align: left\">\n\t<div class=\"mkd-st-inner\">\n\t\t\t\t\t<h1 class=\"mkd-st-title\" style=\"color: #ffffff\">\n\t\t\t\tQualit\u00e4tssoftware\t\t\t<\/h1>\n\t\t\t\t\t\t\t<p class=\"mkd-st-text\" style=\"line-height: 30px;margin-top: 29px\">\n\t\t\t\tWir beraten und begleiten Sie bei der Einf\u00fchrung einer leistungsf\u00e4higen Qualit\u00e4tssoftware.\t\t\t<\/p>\n\t\t\t<\/div>\n<\/div>\t\t<\/div>\n\n\t<\/div>\n\n    <\/div><\/div>[\/vc_column][vc_column offset=&#8220;vc_col-lg-offset-0 vc_col-lg-8 vc_col-md-offset-0 vc_col-sm-offset-0 vc_col-xs-12&#8243;]<div class=\"mkd-elements-holder   mkd-two-columns  mkd-responsive-mode-768 \" ><div class=\"mkd-eh-item   mkd-horizontal-alignment-center \" style=\"background-color: #ABB0B4\" data-item-class=\"mkd-eh-custom-3747\" data-1280-1600=\"111px 15% 131px\" data-1024-1280=\"111px 7% 131px 10%\" data-768-1024=\"111px 15% 131px 20%\" data-680-768=\"111px 39% 131px 15%\" data-680=\"114px 5% 131px\">\n\n\t<div class=\"mkd-eh-item-inner\">\n\n\t\t<div class=\"mkd-eh-item-content mkd-eh-custom-3747\" style=\"padding: 130px 25%\">\n\t\t\t[vc_single_image image=&#8220;5786&#8243; img_size=&#8220;medium&#8220; alignment=&#8220;center&#8220; css=&#8220;&#8220; title=&#8220;Ellistat&#8220;][vc_empty_space height=&#8220;100&#8243;]<a itemprop=\"url\" href=\"\/ellistat\" target=\"_self\"  class=\"mkd-btn mkd-btn-medium mkd-btn-solid mkd-btn-custom-hover-bg mkd-btn-custom-border-hover mkd-btn-icon\" >\n    <span class=\"mkd-btn-text\" style=\"text-transform: initial\" data-hover-bg-color=\"#ff4242\" data-hover-border-color=\"#ff4242\">Mehr erfahren<\/span>\n    <span class=\"mkd-btn-icon\" ><i class=\"mkd-icon-font-awesome fa fa-long-arrow-right \" ><\/i><\/span>\n<\/a>\t\t<\/div>\n\n\t<\/div>\n\n    <\/div><div class=\"mkd-eh-item    \" style=\"background-color: #ABB0B4\" data-item-class=\"mkd-eh-custom-3203\" data-1280-1600=\"111px 15% 131px\" data-1024-1280=\"111px 7% 131px 10%\" data-768-1024=\"111px 15% 131px 20%\" data-680-768=\"111px 39% 131px 15%\" data-680=\"114px 5% 131px\">\n\n\t<div class=\"mkd-eh-item-inner\">\n\n\t\t<div class=\"mkd-eh-item-content mkd-eh-custom-3203\" style=\"padding: 200px 25%\">\n\t\t\t[vc_single_image image=&#8220;5785&#8243; img_size=&#8220;medium&#8220; alignment=&#8220;center&#8220; css=&#8220;&#8220; title=&#8220;QuickControl&#8220;][vc_empty_space height=&#8220;100&#8243;]<a itemprop=\"url\" href=\"\/quickcontrol\" target=\"_self\"  class=\"mkd-btn mkd-btn-medium mkd-btn-solid mkd-btn-custom-hover-bg mkd-btn-custom-border-hover mkd-btn-icon\" >\n    <span class=\"mkd-btn-text\" style=\"text-transform: initial\" data-hover-bg-color=\"#ff4242\" data-hover-border-color=\"#ff4242\">Mehr erfahren<\/span>\n    <span class=\"mkd-btn-icon\" ><i class=\"mkd-icon-font-awesome fa fa-long-arrow-right \" ><\/i><\/span>\n<\/a>\t\t<\/div>\n\n\t<\/div>\n\n    <\/div><\/div>[\/vc_column][\/vc_row][vc_row content_placement=&#8220;middle&#8220; content_text_aligment=&#8220;center&#8220; simple_background_color=&#8220;#fdb913&#8243;][vc_column]<a itemprop=\"url\" href=\"\/contact-us\/\" target=\"_self\"  class=\"mkd-btn mkd-btn-full-width mkd-btn-solid mkd-btn-custom-hover-bg mkd-btn-custom-border-hover\" >\n    <span class=\"mkd-btn-text\" style=\"font-size: 60px;font-family: Oswald;letter-spacing: 0;height: 200px\" data-hover-bg-color=\"#ff4242\" data-hover-border-color=\"#ff4242\">Kontaktieren Sie uns!<\/span>\n    <span class=\"mkd-btn-icon\" ><\/span>\n<\/a>[\/vc_column][\/vc_row]<\/p>\n<\/div>","protected":false},"excerpt":{"rendered":"<p>[vc_row][vc_column][\/vc_column][\/vc_row][vc_row equal_height=&#8220;yes&#8220; content_text_aligment=&#8220;left&#8220; simple_background_color=&#8220;#24272a&#8220;][vc_column offset=&#8220;vc_col-lg-offset-0 vc_col-lg-4 vc_col-md-offset-0 vc_col-sm-offset-0&#8243;][\/vc_column][vc_column offset=&#8220;vc_col-lg-offset-0 vc_col-lg-8 vc_col-md-offset-0 vc_col-sm-offset-0 vc_col-xs-12&#8243;][\/vc_column][\/vc_row][vc_row content_placement=&#8220;middle&#8220; content_text_aligment=&#8220;center&#8220; simple_background_color=&#8220;#fdb913&#8243;][vc_column][\/vc_column][\/vc_row]<\/p>\n","protected":false},"author":3,"featured_media":0,"parent":0,"menu_order":0,"comment_status":"closed","ping_status":"closed","template":"full-width.php","meta":{"footnotes":""},"class_list":["post-7358","page","type-page","status-publish","hentry"],"yoast_head":"<!-- This site is optimized with the Yoast SEO plugin v27.3 - https:\/\/yoast.com\/product\/yoast-seo-wordpress\/ -->\n<title>Qualit\u00e4tssoftware - Logystem<\/title>\n<meta name=\"robots\" content=\"index, follow, max-snippet:-1, max-image-preview:large, max-video-preview:-1\" \/>\n<link rel=\"canonical\" href=\"https:\/\/logystem.ch\/de\/qualitaetssoftware\/\" \/>\n<meta property=\"og:locale\" content=\"de_DE\" \/>\n<meta property=\"og:type\" content=\"article\" \/>\n<meta property=\"og:title\" content=\"Qualit\u00e4tssoftware - Logystem\" \/>\n<meta property=\"og:description\" content=\"[vc_row][vc_column][\/vc_column][\/vc_row][vc_row equal_height=&#8220;yes&#8220; content_text_aligment=&#8220;left&#8220; simple_background_color=&#8220;#24272a&#8220;][vc_column offset=&#8220;vc_col-lg-offset-0 vc_col-lg-4 vc_col-md-offset-0 vc_col-sm-offset-0&#8243;][\/vc_column][vc_column offset=&#8220;vc_col-lg-offset-0 vc_col-lg-8 vc_col-md-offset-0 vc_col-sm-offset-0 vc_col-xs-12&#8243;][\/vc_column][\/vc_row][vc_row content_placement=&#8220;middle&#8220; content_text_aligment=&#8220;center&#8220; simple_background_color=&#8220;#fdb913&#8243;][vc_column][\/vc_column][\/vc_row]\" \/>\n<meta property=\"og:url\" content=\"https:\/\/logystem.ch\/de\/qualitaetssoftware\/\" \/>\n<meta property=\"og:site_name\" content=\"Logystem\" \/>\n<meta property=\"article:modified_time\" content=\"2025-10-24T13:13:45+00:00\" \/>\n<meta name=\"twitter:card\" content=\"summary_large_image\" \/>\n<meta name=\"twitter:label1\" content=\"Gesch\u00e4tzte Lesezeit\" \/>\n\t<meta name=\"twitter:data1\" content=\"1\u00a0Minute\" \/>\n<script type=\"application\/ld+json\" class=\"yoast-schema-graph\">{\"@context\":\"https:\\\/\\\/schema.org\",\"@graph\":[{\"@type\":\"WebPage\",\"@id\":\"https:\\\/\\\/logystem.ch\\\/de\\\/qualitaetssoftware\\\/\",\"url\":\"https:\\\/\\\/logystem.ch\\\/de\\\/qualitaetssoftware\\\/\",\"name\":\"Qualit\u00e4tssoftware - Logystem\",\"isPartOf\":{\"@id\":\"https:\\\/\\\/logystem.ch\\\/de\\\/#website\"},\"datePublished\":\"2025-07-25T08:58:54+00:00\",\"dateModified\":\"2025-10-24T13:13:45+00:00\",\"breadcrumb\":{\"@id\":\"https:\\\/\\\/logystem.ch\\\/de\\\/qualitaetssoftware\\\/#breadcrumb\"},\"inLanguage\":\"de\",\"potentialAction\":[{\"@type\":\"ReadAction\",\"target\":[\"https:\\\/\\\/logystem.ch\\\/de\\\/qualitaetssoftware\\\/\"]}]},{\"@type\":\"BreadcrumbList\",\"@id\":\"https:\\\/\\\/logystem.ch\\\/de\\\/qualitaetssoftware\\\/#breadcrumb\",\"itemListElement\":[{\"@type\":\"ListItem\",\"position\":1,\"name\":\"Accueil\",\"item\":\"https:\\\/\\\/logystem.ch\\\/de\\\/main-home\\\/\"},{\"@type\":\"ListItem\",\"position\":2,\"name\":\"Qualit\u00e4tssoftware\"}]},{\"@type\":\"WebSite\",\"@id\":\"https:\\\/\\\/logystem.ch\\\/de\\\/#website\",\"url\":\"https:\\\/\\\/logystem.ch\\\/de\\\/\",\"name\":\"Logystem\",\"description\":\"Votre partenaire qualit\u00e9\",\"publisher\":{\"@id\":\"https:\\\/\\\/logystem.ch\\\/de\\\/#organization\"},\"potentialAction\":[{\"@type\":\"SearchAction\",\"target\":{\"@type\":\"EntryPoint\",\"urlTemplate\":\"https:\\\/\\\/logystem.ch\\\/de\\\/?s={search_term_string}\"},\"query-input\":{\"@type\":\"PropertyValueSpecification\",\"valueRequired\":true,\"valueName\":\"search_term_string\"}}],\"inLanguage\":\"de\"},{\"@type\":\"Organization\",\"@id\":\"https:\\\/\\\/logystem.ch\\\/de\\\/#organization\",\"name\":\"Logystem\",\"url\":\"https:\\\/\\\/logystem.ch\\\/de\\\/\",\"logo\":{\"@type\":\"ImageObject\",\"inLanguage\":\"de\",\"@id\":\"https:\\\/\\\/logystem.ch\\\/de\\\/#\\\/schema\\\/logo\\\/image\\\/\",\"url\":\"https:\\\/\\\/logystem.ch\\\/wp-content\\\/uploads\\\/2023\\\/11\\\/Logo_logystem_DEF_CMYK_200x88mm_600dpi_Original.png\",\"contentUrl\":\"https:\\\/\\\/logystem.ch\\\/wp-content\\\/uploads\\\/2023\\\/11\\\/Logo_logystem_DEF_CMYK_200x88mm_600dpi_Original.png\",\"width\":600,\"height\":265,\"caption\":\"Logystem\"},\"image\":{\"@id\":\"https:\\\/\\\/logystem.ch\\\/de\\\/#\\\/schema\\\/logo\\\/image\\\/\"}}]}<\/script>\n<!-- \/ Yoast SEO plugin. -->","yoast_head_json":{"title":"Qualit\u00e4tssoftware - Logystem","robots":{"index":"index","follow":"follow","max-snippet":"max-snippet:-1","max-image-preview":"max-image-preview:large","max-video-preview":"max-video-preview:-1"},"canonical":"https:\/\/logystem.ch\/de\/qualitaetssoftware\/","og_locale":"de_DE","og_type":"article","og_title":"Qualit\u00e4tssoftware - Logystem","og_description":"[vc_row][vc_column][\/vc_column][\/vc_row][vc_row equal_height=&#8220;yes&#8220; content_text_aligment=&#8220;left&#8220; simple_background_color=&#8220;#24272a&#8220;][vc_column offset=&#8220;vc_col-lg-offset-0 vc_col-lg-4 vc_col-md-offset-0 vc_col-sm-offset-0&#8243;][\/vc_column][vc_column offset=&#8220;vc_col-lg-offset-0 vc_col-lg-8 vc_col-md-offset-0 vc_col-sm-offset-0 vc_col-xs-12&#8243;][\/vc_column][\/vc_row][vc_row content_placement=&#8220;middle&#8220; content_text_aligment=&#8220;center&#8220; simple_background_color=&#8220;#fdb913&#8243;][vc_column][\/vc_column][\/vc_row]","og_url":"https:\/\/logystem.ch\/de\/qualitaetssoftware\/","og_site_name":"Logystem","article_modified_time":"2025-10-24T13:13:45+00:00","twitter_card":"summary_large_image","twitter_misc":{"Gesch\u00e4tzte Lesezeit":"1\u00a0Minute"},"schema":{"@context":"https:\/\/schema.org","@graph":[{"@type":"WebPage","@id":"https:\/\/logystem.ch\/de\/qualitaetssoftware\/","url":"https:\/\/logystem.ch\/de\/qualitaetssoftware\/","name":"Qualit\u00e4tssoftware - Logystem","isPartOf":{"@id":"https:\/\/logystem.ch\/de\/#website"},"datePublished":"2025-07-25T08:58:54+00:00","dateModified":"2025-10-24T13:13:45+00:00","breadcrumb":{"@id":"https:\/\/logystem.ch\/de\/qualitaetssoftware\/#breadcrumb"},"inLanguage":"de","potentialAction":[{"@type":"ReadAction","target":["https:\/\/logystem.ch\/de\/qualitaetssoftware\/"]}]},{"@type":"BreadcrumbList","@id":"https:\/\/logystem.ch\/de\/qualitaetssoftware\/#breadcrumb","itemListElement":[{"@type":"ListItem","position":1,"name":"Accueil","item":"https:\/\/logystem.ch\/de\/main-home\/"},{"@type":"ListItem","position":2,"name":"Qualit\u00e4tssoftware"}]},{"@type":"WebSite","@id":"https:\/\/logystem.ch\/de\/#website","url":"https:\/\/logystem.ch\/de\/","name":"Logystem","description":"Votre partenaire qualit\u00e9","publisher":{"@id":"https:\/\/logystem.ch\/de\/#organization"},"potentialAction":[{"@type":"SearchAction","target":{"@type":"EntryPoint","urlTemplate":"https:\/\/logystem.ch\/de\/?s={search_term_string}"},"query-input":{"@type":"PropertyValueSpecification","valueRequired":true,"valueName":"search_term_string"}}],"inLanguage":"de"},{"@type":"Organization","@id":"https:\/\/logystem.ch\/de\/#organization","name":"Logystem","url":"https:\/\/logystem.ch\/de\/","logo":{"@type":"ImageObject","inLanguage":"de","@id":"https:\/\/logystem.ch\/de\/#\/schema\/logo\/image\/","url":"https:\/\/logystem.ch\/wp-content\/uploads\/2023\/11\/Logo_logystem_DEF_CMYK_200x88mm_600dpi_Original.png","contentUrl":"https:\/\/logystem.ch\/wp-content\/uploads\/2023\/11\/Logo_logystem_DEF_CMYK_200x88mm_600dpi_Original.png","width":600,"height":265,"caption":"Logystem"},"image":{"@id":"https:\/\/logystem.ch\/de\/#\/schema\/logo\/image\/"}}]}},"_links":{"self":[{"href":"https:\/\/logystem.ch\/de\/wp-json\/wp\/v2\/pages\/7358","targetHints":{"allow":["GET"]}}],"collection":[{"href":"https:\/\/logystem.ch\/de\/wp-json\/wp\/v2\/pages"}],"about":[{"href":"https:\/\/logystem.ch\/de\/wp-json\/wp\/v2\/types\/page"}],"author":[{"embeddable":true,"href":"https:\/\/logystem.ch\/de\/wp-json\/wp\/v2\/users\/3"}],"replies":[{"embeddable":true,"href":"https:\/\/logystem.ch\/de\/wp-json\/wp\/v2\/comments?post=7358"}],"version-history":[{"count":5,"href":"https:\/\/logystem.ch\/de\/wp-json\/wp\/v2\/pages\/7358\/revisions"}],"predecessor-version":[{"id":7365,"href":"https:\/\/logystem.ch\/de\/wp-json\/wp\/v2\/pages\/7358\/revisions\/7365"}],"wp:attachment":[{"href":"https:\/\/logystem.ch\/de\/wp-json\/wp\/v2\/media?parent=7358"}],"curies":[{"name":"wp","href":"https:\/\/api.w.org\/{rel}","templated":true}]}}