{"id":6311,"date":"2024-01-15T16:21:48","date_gmt":"2024-01-15T15:21:48","guid":{"rendered":"http:\/\/logystem.ch\/metromax\/"},"modified":"2025-07-24T14:51:08","modified_gmt":"2025-07-24T12:51:08","slug":"metromax","status":"publish","type":"page","link":"https:\/\/logystem.ch\/de\/metromax\/","title":{"rendered":"MetroMax"},"content":{"rendered":"<div class=\"wpb-content-wrapper\"><p>[vc_row][vc_column][vc_single_image image=&#8220;5783&#8243; img_size=&#8220;medium&#8220; alignment=&#8220;center&#8220;][\/vc_column][\/vc_row][vc_row][vc_column][vc_empty_space height=&#8220;80px&#8220;][\/vc_column][\/vc_row][vc_row full_width=&#8220;stretch_row_content&#8220; full_height=&#8220;yes&#8220; content_text_aligment=&#8220;center&#8220; simple_background_color=&#8220;#353535&#8243; parallax_background_image=&#8220;4647&#8243; parallax_bg_height=&#8220;400&#8243;][vc_column]<div class=\"mkd-elements-holder   mkd-one-column  mkd-responsive-mode-768 \" ><div class=\"mkd-eh-item   mkd-horizontal-alignment-center \"  data-item-class=\"mkd-eh-custom-2773\">\n\n\t<div class=\"mkd-eh-item-inner\">\n\n\t\t<div class=\"mkd-eh-item-content mkd-eh-custom-2773\" >\n\t\t\t[vc_wp_text]<\/p>\n<h4 style=\"text-align: center;\"><span style=\"color: #999999;\"><strong>MetroMax Pro ist eine Software zur Verwaltung von Messger\u00e4ten. Es erm\u00f6glicht die Kontrolle und Kalibrierung von Ger\u00e4ten.<\/strong><\/span><\/h4>\n<h3 class=\"row-simple_subtitle__aH5SG\" style=\"text-align: center;\"><span style=\"color: #2198d5;\">MetroMax wurde entwickelt, um Ihren Bestand an Messinstrumenten zu beherrschen.<\/span><\/h3>\n<p>[\/vc_wp_text]\t\t<\/div>\n\n\t<\/div>\n\n    <\/div><\/div>[\/vc_column][\/vc_row][vc_row][vc_column]<div class=\"mkd-elements-holder   mkd-one-column  mkd-responsive-mode-768 \" style=\"background-color: #ffffff\"><div class=\"mkd-eh-item    \" style=\"background-color: #ffffff\" data-item-class=\"mkd-eh-custom-1839\">\n\n\t<div class=\"mkd-eh-item-inner\">\n\n\t\t<div class=\"mkd-eh-item-content mkd-eh-custom-1839\" >\n\t\t\t<div class=\"mkd-single-image-holder   \">\n    <div class=\"mkd-si-inner\" style=\"background-image: url(https:\/\/logystem.ch\/wp-content\/uploads\/2024\/01\/MMax-Screen.png)\">\n                                    <img loading=\"lazy\" decoding=\"async\" width=\"3010\" height=\"1794\" src=\"https:\/\/logystem.ch\/wp-content\/uploads\/2024\/01\/MMax-Screen.png\" class=\"attachment-full size-full\" alt=\"\" srcset=\"https:\/\/logystem.ch\/wp-content\/uploads\/2024\/01\/MMax-Screen.png 3010w, https:\/\/logystem.ch\/wp-content\/uploads\/2024\/01\/MMax-Screen-300x179.png 300w, https:\/\/logystem.ch\/wp-content\/uploads\/2024\/01\/MMax-Screen-1024x610.png 1024w, https:\/\/logystem.ch\/wp-content\/uploads\/2024\/01\/MMax-Screen-768x458.png 768w, https:\/\/logystem.ch\/wp-content\/uploads\/2024\/01\/MMax-Screen-1536x915.png 1536w\" sizes=\"auto, (max-width: 3010px) 100vw, 3010px\" \/>                        <\/div>\n<\/div>\t\t<\/div>\n\n\t<\/div>\n\n    <\/div><\/div>[\/vc_column][\/vc_row][vc_row][vc_column][vc_empty_space height=&#8220;80px&#8220;][\/vc_column][\/vc_row][vc_row][vc_column][vc_column_text]<\/p>\n<div id=\"content\">\n<div id=\"content\">\n<h2><span class=\"f_Titrenormal\">Die Funktionen von MetroMax<\/span><\/h2>\n<hr \/>\n<\/div>\n<p>&nbsp;<\/p>\n<h4 class=\"p_Normal\">Die Struktur der Ausr\u00fcstung<\/h4>\n<\/div>\n<div id=\"content\">\n<p class=\"p_Normal\">Dies ist die Grundlage des Systems. In diesem Teil werden alle Ausr\u00fcstungsmodelle definiert, die sp\u00e4ter verwendet werden, um die einzelnen Ausr\u00fcstungsbl\u00e4tter mit allen Daten zur Identifizierung, Kontrolle und Kalibrierung, Dauer usw. zu erstellen.<\/p>\n<p class=\"p_Normal\">Es ist wichtig, die Philosophie von MetroMax Pro zu verstehen, bevor Sie mit der Arbeit beginnen. In dieser Struktur wird jedes Ger\u00e4t nach seiner Klasse, seinem Typ und seinem Modell sowie die Kontrollelemente nach Attributen und Messungen definiert.<\/p>\n<p class=\"p_Normal\">Bei der Ausstattungsstruktur geht es nicht darum, alle vorhandenen Ausstattungen zu definieren, sondern gewisserma\u00dfen um Standardmodelle. Zum Beispiel: Mikrometer 0-25 mm. Dieses Standardmodell wird verwendet, um mehrere Ausr\u00fcstungsgegenst\u00e4nde zu definieren, die aufgrund ihrer Merkmale einzigartig sind.<\/p>\n<h4 class=\"p_Normal\">Die Ausr\u00fcstungsbl\u00e4tter<\/h4>\n<p class=\"p_Normal\">Mit einer Mustervorlage aus der obigen Struktur werden wir die Definition der echten Ausr\u00fcstung erstellen, das ist die Lebenslaufkarte einer Ausr\u00fcstung.<\/p>\n<p class=\"p_Normal\">Alle Daten eines Ger\u00e4ts sind hier verf\u00fcgbar, das betrifft die Identifizierung, die Kontrolle und die Kalibrierung, die verschiedenen F\u00e4lligkeitszeitr\u00e4ume, die Verl\u00e4ngerung.<\/p>\n<h4 class=\"p_Normal\">Die Ausr\u00fcstungsliste<\/h4>\n<p class=\"p_Normal\">Diese Liste zeigt den Status der Ger\u00e4te nach Farben geordnet an. Sie k\u00f6nnen die Liste mit vordefinierten oder spezifischen Filtern filtern. Au\u00dferdem ist es m\u00f6glich, eigene oder fremde Etiketten zu drucken und Statistiken anzuzeigen.<\/p>\n<\/div>\n<h4>Verkn\u00fcpfung mit QuickControl<\/h4>\n<p>Sie k\u00f6nnen MetroMax auch mit QuickControl verkn\u00fcpfen, um die Ausr\u00fcstung der Kontrolle zu verfolgen.<\/p>\n<h4>Kataloge<\/h4>\n<p>MetroMax integriert Kataloge, die f\u00fcr die Erstellung von Ausstattungen bestimmt sind. Dies erm\u00f6glicht es, sich wiederholende Informationen zu speichern und so die Produktivit\u00e4t bei der Eingabe zu erh\u00f6hen, au\u00dferdem profitiert man von einer standardisierten Syntax.<\/p>\n<h4>Mehrere Umgebungen<\/h4>\n<p>MetroMax kann lokal auf Ihrem Computer oder in einem Netzwerk in Ihrem Unternehmen eingesetzt werden. Eine Reihe von Tools erm\u00f6glicht es Ihnen, Systemeinstellungen vorzunehmen und Benutzer zu verwalten.<\/p>\n<p>&nbsp;<\/p>\n<p>&nbsp;<\/p>\n<h2>Die optionalen Module<\/h2>\n<hr \/>\n<p>&nbsp;<\/p>\n<h4>Wiederholbarkeit &amp; Reproduzierbarkeit &#8211; R&amp;R<\/h4>\n<p>Das Ziel der R&amp;R-Studie ist es, festzustellen, ob die Unsicherheit und Variabilit\u00e4t der Messung mit der Toleranz und Variabilit\u00e4t des Prozesses vereinbar ist.<\/p>\n<p>Wir verwenden die vollst\u00e4ndige R&amp;R-Methode mit der Extensionsmethode oder die ANAVAR\/ANOVA-Methode der Varianzanalyse. Sie bewertet die kurzfristige Streuung der Messausr\u00fcstung. Die F\u00e4higkeit Cpc (Capability of the Control Process) erm\u00f6glicht es, den Anteil der Messstreuung an der Gesamtstreuung zu bewerten.<\/p>\n<h4>\u00dcberwachungsplan<\/h4>\n<p>Dieses Modul erm\u00f6glicht die Nachverfolgung von Metrologieausr\u00fcstungen. Ziel ist es, einen Trend f\u00fcr die Leistung und Genauigkeit der Ausr\u00fcstung oder des Kontrollmittels zu ermitteln.<\/p>\n<p>4 Arten von \u00dcberwachungspl\u00e4nen sind m\u00f6glich :<\/p>\n<ul>\n<li>Die Abweichungsverfolgung: Misst die Differenz der gefundenen Abweichungen von den gemessenen Werten.<\/li>\n<li>Die Wiederholbarkeit (Typ A) : Ma\u00df f\u00fcr die Standardabweichung einer Reihe von Werten, die f\u00fcr dieselbe Stichprobe durchgef\u00fchrt wurden.<\/li>\n<li>Parallelit\u00e4t: Messung der maximalen Abweichung, die zwischen zwei Ebenen gefunden wird.<\/li>\n<li>Ebenheit: Messung der maximalen Abweichung, die auf einer ebenen Fl\u00e4che gefunden wird.<\/li>\n<li style=\"list-style-type: none;\">\n<ul>\n<li style=\"list-style-type: none;\">\n<ul>\n<li style=\"list-style-type: none;\"><\/li>\n<\/ul>\n<\/li>\n<\/ul>\n<\/li>\n<\/ul>\n<p>[\/vc_column_text][\/vc_column][\/vc_row][vc_row][vc_column][vc_empty_space height=&#8220;80px&#8220;][\/vc_column][\/vc_row][vc_row full_width=&#8220;stretch_row_content_no_spaces&#8220; content_placement=&#8220;middle&#8220; content_text_aligment=&#8220;center&#8220;][vc_column]<a itemprop=\"url\" href=\"\/de\/contact-us\/\" target=\"_self\"  class=\"mkd-btn mkd-btn-full-width mkd-btn-solid mkd-btn-custom-hover-bg mkd-btn-custom-border-hover\" >\n    <span class=\"mkd-btn-text\" style=\"font-size: 60px;font-family: Oswald;letter-spacing: 0;height: 200px\" data-hover-bg-color=\"#2198d5\" data-hover-border-color=\"#2198d5\">Kontaktieren Sie uns!<\/span>\n    <span class=\"mkd-btn-icon\" ><\/span>\n<\/a>[\/vc_column][\/vc_row]<\/p>\n<\/div>","protected":false},"excerpt":{"rendered":"<p>[vc_row][vc_column][vc_single_image image=&#8220;5783&#8243; img_size=&#8220;medium&#8220; alignment=&#8220;center&#8220;][\/vc_column][\/vc_row][vc_row][vc_column][vc_empty_space height=&#8220;80px&#8220;][\/vc_column][\/vc_row][vc_row full_width=&#8220;stretch_row_content&#8220; full_height=&#8220;yes&#8220; content_text_aligment=&#8220;center&#8220; simple_background_color=&#8220;#353535&#8243; parallax_background_image=&#8220;4647&#8243; parallax_bg_height=&#8220;400&#8243;][vc_column][\/vc_column][\/vc_row][vc_row][vc_column][\/vc_column][\/vc_row][vc_row][vc_column][vc_empty_space height=&#8220;80px&#8220;][\/vc_column][\/vc_row][vc_row][vc_column][vc_column_text] Die Funktionen von MetroMax &nbsp; Die Struktur der Ausr\u00fcstung Dies ist die Grundlage des Systems. In diesem Teil werden alle Ausr\u00fcstungsmodelle definiert, die sp\u00e4ter verwendet werden, um die einzelnen Ausr\u00fcstungsbl\u00e4tter mit [&hellip;]<\/p>\n","protected":false},"author":3,"featured_media":0,"parent":0,"menu_order":0,"comment_status":"closed","ping_status":"open","template":"","meta":{"footnotes":""},"class_list":["post-6311","page","type-page","status-publish","hentry"],"yoast_head":"<!-- This site is optimized with the Yoast SEO plugin v27.3 - https:\/\/yoast.com\/product\/yoast-seo-wordpress\/ -->\n<title>MetroMax - Logystem<\/title>\n<meta name=\"robots\" content=\"index, follow, max-snippet:-1, max-image-preview:large, max-video-preview:-1\" \/>\n<link rel=\"canonical\" href=\"https:\/\/logystem.ch\/de\/metromax\/\" \/>\n<meta property=\"og:locale\" content=\"de_DE\" \/>\n<meta property=\"og:type\" content=\"article\" \/>\n<meta property=\"og:title\" content=\"MetroMax - Logystem\" \/>\n<meta property=\"og:description\" content=\"[vc_row][vc_column][vc_single_image image=&#8220;5783&#8243; img_size=&#8220;medium&#8220; alignment=&#8220;center&#8220;][\/vc_column][\/vc_row][vc_row][vc_column][vc_empty_space height=&#8220;80px&#8220;][\/vc_column][\/vc_row][vc_row full_width=&#8220;stretch_row_content&#8220; full_height=&#8220;yes&#8220; content_text_aligment=&#8220;center&#8220; simple_background_color=&#8220;#353535&#8243; parallax_background_image=&#8220;4647&#8243; parallax_bg_height=&#8220;400&#8243;][vc_column][\/vc_column][\/vc_row][vc_row][vc_column][\/vc_column][\/vc_row][vc_row][vc_column][vc_empty_space height=&#8220;80px&#8220;][\/vc_column][\/vc_row][vc_row][vc_column][vc_column_text] Die Funktionen von MetroMax &nbsp; Die Struktur der Ausr\u00fcstung Dies ist die Grundlage des Systems. In diesem Teil werden alle Ausr\u00fcstungsmodelle definiert, die sp\u00e4ter verwendet werden, um die einzelnen Ausr\u00fcstungsbl\u00e4tter mit [&hellip;]\" \/>\n<meta property=\"og:url\" content=\"https:\/\/logystem.ch\/de\/metromax\/\" \/>\n<meta property=\"og:site_name\" content=\"Logystem\" \/>\n<meta property=\"article:modified_time\" content=\"2025-07-24T12:51:08+00:00\" \/>\n<meta name=\"twitter:card\" content=\"summary_large_image\" \/>\n<meta name=\"twitter:label1\" content=\"Gesch\u00e4tzte Lesezeit\" \/>\n\t<meta name=\"twitter:data1\" content=\"4\u00a0Minuten\" \/>\n<script type=\"application\/ld+json\" class=\"yoast-schema-graph\">{\"@context\":\"https:\\\/\\\/schema.org\",\"@graph\":[{\"@type\":\"WebPage\",\"@id\":\"https:\\\/\\\/logystem.ch\\\/de\\\/metromax\\\/\",\"url\":\"https:\\\/\\\/logystem.ch\\\/de\\\/metromax\\\/\",\"name\":\"MetroMax - Logystem\",\"isPartOf\":{\"@id\":\"https:\\\/\\\/logystem.ch\\\/de\\\/#website\"},\"datePublished\":\"2024-01-15T15:21:48+00:00\",\"dateModified\":\"2025-07-24T12:51:08+00:00\",\"breadcrumb\":{\"@id\":\"https:\\\/\\\/logystem.ch\\\/de\\\/metromax\\\/#breadcrumb\"},\"inLanguage\":\"de\",\"potentialAction\":[{\"@type\":\"ReadAction\",\"target\":[\"https:\\\/\\\/logystem.ch\\\/de\\\/metromax\\\/\"]}]},{\"@type\":\"BreadcrumbList\",\"@id\":\"https:\\\/\\\/logystem.ch\\\/de\\\/metromax\\\/#breadcrumb\",\"itemListElement\":[{\"@type\":\"ListItem\",\"position\":1,\"name\":\"Accueil\",\"item\":\"https:\\\/\\\/logystem.ch\\\/de\\\/main-home\\\/\"},{\"@type\":\"ListItem\",\"position\":2,\"name\":\"MetroMax\"}]},{\"@type\":\"WebSite\",\"@id\":\"https:\\\/\\\/logystem.ch\\\/de\\\/#website\",\"url\":\"https:\\\/\\\/logystem.ch\\\/de\\\/\",\"name\":\"Logystem\",\"description\":\"Votre partenaire qualit\u00e9\",\"publisher\":{\"@id\":\"https:\\\/\\\/logystem.ch\\\/de\\\/#organization\"},\"potentialAction\":[{\"@type\":\"SearchAction\",\"target\":{\"@type\":\"EntryPoint\",\"urlTemplate\":\"https:\\\/\\\/logystem.ch\\\/de\\\/?s={search_term_string}\"},\"query-input\":{\"@type\":\"PropertyValueSpecification\",\"valueRequired\":true,\"valueName\":\"search_term_string\"}}],\"inLanguage\":\"de\"},{\"@type\":\"Organization\",\"@id\":\"https:\\\/\\\/logystem.ch\\\/de\\\/#organization\",\"name\":\"Logystem\",\"url\":\"https:\\\/\\\/logystem.ch\\\/de\\\/\",\"logo\":{\"@type\":\"ImageObject\",\"inLanguage\":\"de\",\"@id\":\"https:\\\/\\\/logystem.ch\\\/de\\\/#\\\/schema\\\/logo\\\/image\\\/\",\"url\":\"https:\\\/\\\/logystem.ch\\\/wp-content\\\/uploads\\\/2023\\\/11\\\/Logo_logystem_DEF_CMYK_200x88mm_600dpi_Original.png\",\"contentUrl\":\"https:\\\/\\\/logystem.ch\\\/wp-content\\\/uploads\\\/2023\\\/11\\\/Logo_logystem_DEF_CMYK_200x88mm_600dpi_Original.png\",\"width\":600,\"height\":265,\"caption\":\"Logystem\"},\"image\":{\"@id\":\"https:\\\/\\\/logystem.ch\\\/de\\\/#\\\/schema\\\/logo\\\/image\\\/\"}}]}<\/script>\n<!-- \/ Yoast SEO plugin. -->","yoast_head_json":{"title":"MetroMax - Logystem","robots":{"index":"index","follow":"follow","max-snippet":"max-snippet:-1","max-image-preview":"max-image-preview:large","max-video-preview":"max-video-preview:-1"},"canonical":"https:\/\/logystem.ch\/de\/metromax\/","og_locale":"de_DE","og_type":"article","og_title":"MetroMax - Logystem","og_description":"[vc_row][vc_column][vc_single_image image=&#8220;5783&#8243; img_size=&#8220;medium&#8220; alignment=&#8220;center&#8220;][\/vc_column][\/vc_row][vc_row][vc_column][vc_empty_space height=&#8220;80px&#8220;][\/vc_column][\/vc_row][vc_row full_width=&#8220;stretch_row_content&#8220; full_height=&#8220;yes&#8220; content_text_aligment=&#8220;center&#8220; simple_background_color=&#8220;#353535&#8243; parallax_background_image=&#8220;4647&#8243; parallax_bg_height=&#8220;400&#8243;][vc_column][\/vc_column][\/vc_row][vc_row][vc_column][\/vc_column][\/vc_row][vc_row][vc_column][vc_empty_space height=&#8220;80px&#8220;][\/vc_column][\/vc_row][vc_row][vc_column][vc_column_text] Die Funktionen von MetroMax &nbsp; Die Struktur der Ausr\u00fcstung Dies ist die Grundlage des Systems. In diesem Teil werden alle Ausr\u00fcstungsmodelle definiert, die sp\u00e4ter verwendet werden, um die einzelnen Ausr\u00fcstungsbl\u00e4tter mit [&hellip;]","og_url":"https:\/\/logystem.ch\/de\/metromax\/","og_site_name":"Logystem","article_modified_time":"2025-07-24T12:51:08+00:00","twitter_card":"summary_large_image","twitter_misc":{"Gesch\u00e4tzte Lesezeit":"4\u00a0Minuten"},"schema":{"@context":"https:\/\/schema.org","@graph":[{"@type":"WebPage","@id":"https:\/\/logystem.ch\/de\/metromax\/","url":"https:\/\/logystem.ch\/de\/metromax\/","name":"MetroMax - Logystem","isPartOf":{"@id":"https:\/\/logystem.ch\/de\/#website"},"datePublished":"2024-01-15T15:21:48+00:00","dateModified":"2025-07-24T12:51:08+00:00","breadcrumb":{"@id":"https:\/\/logystem.ch\/de\/metromax\/#breadcrumb"},"inLanguage":"de","potentialAction":[{"@type":"ReadAction","target":["https:\/\/logystem.ch\/de\/metromax\/"]}]},{"@type":"BreadcrumbList","@id":"https:\/\/logystem.ch\/de\/metromax\/#breadcrumb","itemListElement":[{"@type":"ListItem","position":1,"name":"Accueil","item":"https:\/\/logystem.ch\/de\/main-home\/"},{"@type":"ListItem","position":2,"name":"MetroMax"}]},{"@type":"WebSite","@id":"https:\/\/logystem.ch\/de\/#website","url":"https:\/\/logystem.ch\/de\/","name":"Logystem","description":"Votre partenaire qualit\u00e9","publisher":{"@id":"https:\/\/logystem.ch\/de\/#organization"},"potentialAction":[{"@type":"SearchAction","target":{"@type":"EntryPoint","urlTemplate":"https:\/\/logystem.ch\/de\/?s={search_term_string}"},"query-input":{"@type":"PropertyValueSpecification","valueRequired":true,"valueName":"search_term_string"}}],"inLanguage":"de"},{"@type":"Organization","@id":"https:\/\/logystem.ch\/de\/#organization","name":"Logystem","url":"https:\/\/logystem.ch\/de\/","logo":{"@type":"ImageObject","inLanguage":"de","@id":"https:\/\/logystem.ch\/de\/#\/schema\/logo\/image\/","url":"https:\/\/logystem.ch\/wp-content\/uploads\/2023\/11\/Logo_logystem_DEF_CMYK_200x88mm_600dpi_Original.png","contentUrl":"https:\/\/logystem.ch\/wp-content\/uploads\/2023\/11\/Logo_logystem_DEF_CMYK_200x88mm_600dpi_Original.png","width":600,"height":265,"caption":"Logystem"},"image":{"@id":"https:\/\/logystem.ch\/de\/#\/schema\/logo\/image\/"}}]}},"_links":{"self":[{"href":"https:\/\/logystem.ch\/de\/wp-json\/wp\/v2\/pages\/6311","targetHints":{"allow":["GET"]}}],"collection":[{"href":"https:\/\/logystem.ch\/de\/wp-json\/wp\/v2\/pages"}],"about":[{"href":"https:\/\/logystem.ch\/de\/wp-json\/wp\/v2\/types\/page"}],"author":[{"embeddable":true,"href":"https:\/\/logystem.ch\/de\/wp-json\/wp\/v2\/users\/3"}],"replies":[{"embeddable":true,"href":"https:\/\/logystem.ch\/de\/wp-json\/wp\/v2\/comments?post=6311"}],"version-history":[{"count":7,"href":"https:\/\/logystem.ch\/de\/wp-json\/wp\/v2\/pages\/6311\/revisions"}],"predecessor-version":[{"id":7288,"href":"https:\/\/logystem.ch\/de\/wp-json\/wp\/v2\/pages\/6311\/revisions\/7288"}],"wp:attachment":[{"href":"https:\/\/logystem.ch\/de\/wp-json\/wp\/v2\/media?parent=6311"}],"curies":[{"name":"wp","href":"https:\/\/api.w.org\/{rel}","templated":true}]}}