{"id":6298,"date":"2024-01-09T17:17:04","date_gmt":"2024-01-09T16:17:04","guid":{"rendered":"http:\/\/logystem.ch\/quickcontrol\/"},"modified":"2024-04-09T14:25:38","modified_gmt":"2024-04-09T12:25:38","slug":"quickcontrol","status":"publish","type":"page","link":"https:\/\/logystem.ch\/de\/quickcontrol\/","title":{"rendered":"NTM Softwares"},"content":{"rendered":"<div class=\"wpb-content-wrapper\"><p>[vc_row equal_height=&#8220;yes&#8220; content_text_aligment=&#8220;left&#8220; simple_background_color=&#8220;#24272a&#8220;][vc_column offset=&#8220;vc_col-lg-offset-0 vc_col-lg-4 vc_col-md-offset-0 vc_col-sm-offset-0&#8243;]<div class=\"mkd-elements-holder   mkd-one-column  mkd-responsive-mode-768 \" ><div class=\"mkd-eh-item   mkd-horizontal-alignment-center \"  data-item-class=\"mkd-eh-custom-8648\">\n\n\t<div class=\"mkd-eh-item-inner\">\n\n\t\t<div class=\"mkd-eh-item-content mkd-eh-custom-8648\" style=\"padding: 400px 25%\">\n\t\t\t[vc_single_image image=&#8220;5785&#8243; img_size=&#8220;full&#8220; alignment=&#8220;center&#8220;]\t\t<\/div>\n\n\t<\/div>\n\n    <\/div><div class=\"mkd-eh-item    \" style=\"background-color: #24272a\" data-item-class=\"mkd-eh-custom-7791\" data-1280-1600=\"403px 6% 402px 28%\" data-1024-1280=\"403px 6% 402px 18%\" data-768-1024=\"99px 59% 120px 10%\" data-680-768=\"99px 46% 120px 15%\" data-680=\"103px 5% 120px\">\n\n\t<div class=\"mkd-eh-item-inner\">\n\n\t\t<div class=\"mkd-eh-item-content mkd-eh-custom-7791\" style=\"padding: 400px 25%\">\n\t\t\t<div class=\"mkd-section-title-holder  mkd-st-standard mkd-st-title-left mkd-st-normal-space \" style=\"text-align: left\">\n\t<div class=\"mkd-st-inner\">\n\t\t\t\t\t<h3 class=\"mkd-st-title\" style=\"color: #ffffff\">\n\t\t\t\tQuickControl Suite\t\t\t<\/h3>\n\t\t\t\t\t\t\t<p class=\"mkd-st-text\" style=\"line-height: 30px;margin-top: 29px\">\n\t\t\t\tDie Qualit\u00e4tswerkzeuge, die man nicht mehr vorstellen muss!\t\t\t<\/p>\n\t\t\t<\/div>\n<\/div>\t\t<\/div>\n\n\t<\/div>\n\n    <\/div><\/div>[\/vc_column][vc_column offset=&#8220;vc_col-lg-offset-0 vc_col-lg-8 vc_col-md-offset-0 vc_col-sm-offset-0 vc_col-xs-12&#8243;]<div class=\"mkd-elements-holder   mkd-one-column  mkd-responsive-mode-768 \" ><div class=\"mkd-eh-item   mkd-horizontal-alignment-center \" style=\"background-image: url(https:\/\/logystem.ch\/wp-content\/uploads\/2024\/01\/SPC-Menu.jpg)\" data-item-class=\"mkd-eh-custom-5471\" data-1280-1600=\"111px 15% 131px\" data-1024-1280=\"111px 7% 131px 10%\" data-768-1024=\"111px 15% 131px 20%\" data-680-768=\"111px 39% 131px 15%\" data-680=\"114px 5% 131px\">\n\n\t<div class=\"mkd-eh-item-inner\">\n\n\t\t<div class=\"mkd-eh-item-content mkd-eh-custom-5471\" style=\"padding: 200px 25%\">\n\t\t\t<div class=\"mkd-section-title-holder  mkd-st-standard mkd-st-title-left mkd-st-normal-space \" style=\"text-align: center\">\n\t<div class=\"mkd-st-inner\">\n\t\t\t\t\t<h2 class=\"mkd-st-title\" style=\"color: #fc4141\">\n\t\t\t\tQuickControl\t\t\t<\/h2>\n\t\t\t\t\t\t\t<p class=\"mkd-st-text\" style=\"line-height: 30px;margin-top: 20px\">\n\t\t\t\tQuickControl: Ihre Exzellenz in der Kontrolle, von der Probenahme bis zur SPC, f\u00fcr kompromisslose Qualit\u00e4t!\t\t\t<\/p>\n\t\t\t<\/div>\n<\/div>[vc_empty_space height=&#8220;20&#8243;]<a itemprop=\"url\" href=\"\/de\/quickcontrol-soft\/\" target=\"_self\"  class=\"mkd-btn mkd-btn-medium mkd-btn-solid mkd-btn-custom-hover-bg mkd-btn-custom-border-hover mkd-btn-icon\" >\n    <span class=\"mkd-btn-text\" style=\"text-transform: initial\" data-hover-bg-color=\"#ff4242\" data-hover-border-color=\"#ff4242\">Mehr erfahren<\/span>\n    <span class=\"mkd-btn-icon\" ><i class=\"mkd-icon-font-awesome fa fa-long-arrow-right \" ><\/i><\/span>\n<\/a>\t\t<\/div>\n\n\t<\/div>\n\n    <\/div><\/div><div class=\"mkd-elements-holder   mkd-one-column  mkd-responsive-mode-768 \" ><div class=\"mkd-eh-item    \" style=\"background-color: #2e3338;background-image: url(https:\/\/logystem.ch\/wp-content\/uploads\/2024\/01\/IQS-Menu.jpg)\" data-item-class=\"mkd-eh-custom-3408\" data-1280-1600=\"111px 15% 131px\" data-1024-1280=\"111px 7% 131px 10%\" data-768-1024=\"111px 15% 131px 20%\" data-680-768=\"0 39% 131px 15%\" data-680=\"0 5% 131px\">\n\n\t<div class=\"mkd-eh-item-inner\">\n\n\t\t<div class=\"mkd-eh-item-content mkd-eh-custom-3408\" style=\"padding: 100px 25%\">\n\t\t\t<div class=\"mkd-section-title-holder  mkd-st-standard mkd-st-title-left mkd-st-normal-space \" style=\"text-align: left\">\n\t<div class=\"mkd-st-inner\">\n\t\t\t\t\t<h2 class=\"mkd-st-title\" style=\"color: #1c73bf\">\n\t\t\t\tMetroMax\t\t\t<\/h2>\n\t\t\t\t\t\t\t<p class=\"mkd-st-text\" style=\"line-height: 30px;margin-top: 20px\">\n\t\t\t\tBeherrschen Sie die Verwaltung Ihres Instrumentenbestands mit Effizienz!\t\t\t<\/p>\n\t\t\t<\/div>\n<\/div>[vc_empty_space height=&#8220;40&#8243;]<a itemprop=\"url\" href=\"\/de\/metromax\/\" target=\"_self\"  class=\"mkd-btn mkd-btn-medium mkd-btn-solid mkd-btn-custom-hover-bg mkd-btn-custom-border-hover mkd-btn-icon\" >\n    <span class=\"mkd-btn-text\" style=\"text-transform: initial\" data-hover-bg-color=\"#ff4242\" data-hover-border-color=\"#ff4242\">Mehr erfahren<\/span>\n    <span class=\"mkd-btn-icon\" ><i class=\"mkd-icon-font-awesome fa fa-long-arrow-right \" ><\/i><\/span>\n<\/a>\t\t<\/div>\n\n\t<\/div>\n\n    <\/div><div class=\"mkd-eh-item    \" style=\"background-image: url(https:\/\/logystem.ch\/wp-content\/uploads\/2024\/01\/Analyses-Menu.jpg)\" data-item-class=\"mkd-eh-custom-6763\" data-1280-1600=\"111px 15% 131px\" data-1024-1280=\"111px 7% 131px 10%\" data-768-1024=\"111px 15% 131px 20%\" data-680-768=\"111px 39% 131px 15%\" data-680=\"114px 5% 131px\">\n\n\t<div class=\"mkd-eh-item-inner\">\n\n\t\t<div class=\"mkd-eh-item-content mkd-eh-custom-6763\" style=\"padding: 100px 25%\">\n\t\t\t<div class=\"mkd-section-title-holder  mkd-st-standard mkd-st-title-left mkd-st-normal-space \" style=\"text-align: left\">\n\t<div class=\"mkd-st-inner\">\n\t\t\t\t\t<h2 class=\"mkd-st-title\" style=\"color: #9446e2\">\n\t\t\t\tNC'Expert\t\t\t<\/h2>\n\t\t\t\t\t\t\t<p class=\"mkd-st-text\" style=\"line-height: 30px;margin-top: 20px\">\n\t\t\t\tVerwandeln Sie Nichtkonformit\u00e4ten in Verbesserungsm\u00f6glichkeiten - f\u00fcr eine kompromisslose Leistung!\t\t\t<\/p>\n\t\t\t<\/div>\n<\/div>[vc_empty_space height=&#8220;40&#8243;]<a itemprop=\"url\" href=\"\/de\/ncexpert\/\" target=\"_self\"  class=\"mkd-btn mkd-btn-medium mkd-btn-solid mkd-btn-custom-hover-bg mkd-btn-custom-border-hover mkd-btn-icon\" >\n    <span class=\"mkd-btn-text\" style=\"text-transform: initial\" data-hover-bg-color=\"#ff4242\" data-hover-border-color=\"#ff4242\">Mehr erfahren<\/span>\n    <span class=\"mkd-btn-icon\" ><i class=\"mkd-icon-font-awesome fa fa-long-arrow-right \" ><\/i><\/span>\n<\/a>\t\t<\/div>\n\n\t<\/div>\n\n    <\/div><\/div>[\/vc_column][\/vc_row][vc_row content_placement=&#8220;middle&#8220; content_text_aligment=&#8220;center&#8220; simple_background_color=&#8220;#fdb913&#8243;][vc_column]<a itemprop=\"url\" href=\"\/contact-us\/\" target=\"_self\"  class=\"mkd-btn mkd-btn-full-width mkd-btn-solid mkd-btn-custom-hover-bg\" >\n    <span class=\"mkd-btn-text\" style=\"font-size: 60px;font-family: Oswald;letter-spacing: 0;height: 200px\" data-hover-bg-color=\"#ff4242\">Kontaktieren Sie uns!<\/span>\n    <span class=\"mkd-btn-icon\" ><\/span>\n<\/a>[\/vc_column][\/vc_row]<\/p>\n<\/div>","protected":false},"excerpt":{"rendered":"<p>[vc_row equal_height=&#8220;yes&#8220; content_text_aligment=&#8220;left&#8220; simple_background_color=&#8220;#24272a&#8220;][vc_column offset=&#8220;vc_col-lg-offset-0 vc_col-lg-4 vc_col-md-offset-0 vc_col-sm-offset-0&#8243;][\/vc_column][vc_column offset=&#8220;vc_col-lg-offset-0 vc_col-lg-8 vc_col-md-offset-0 vc_col-sm-offset-0 vc_col-xs-12&#8243;][\/vc_column][\/vc_row][vc_row content_placement=&#8220;middle&#8220; content_text_aligment=&#8220;center&#8220; simple_background_color=&#8220;#fdb913&#8243;][vc_column][\/vc_column][\/vc_row]<\/p>\n","protected":false},"author":3,"featured_media":0,"parent":0,"menu_order":0,"comment_status":"closed","ping_status":"closed","template":"full-width.php","meta":{"footnotes":""},"class_list":["post-6298","page","type-page","status-publish","hentry"],"yoast_head":"<!-- This site is optimized with the Yoast SEO plugin v27.3 - https:\/\/yoast.com\/product\/yoast-seo-wordpress\/ -->\n<title>NTM Softwares - Logystem<\/title>\n<meta name=\"robots\" content=\"index, follow, max-snippet:-1, max-image-preview:large, max-video-preview:-1\" \/>\n<link rel=\"canonical\" href=\"https:\/\/logystem.ch\/de\/quickcontrol\/\" \/>\n<meta property=\"og:locale\" content=\"de_DE\" \/>\n<meta property=\"og:type\" content=\"article\" \/>\n<meta property=\"og:title\" content=\"NTM Softwares - Logystem\" \/>\n<meta property=\"og:description\" content=\"[vc_row equal_height=&#8220;yes&#8220; content_text_aligment=&#8220;left&#8220; simple_background_color=&#8220;#24272a&#8220;][vc_column offset=&#8220;vc_col-lg-offset-0 vc_col-lg-4 vc_col-md-offset-0 vc_col-sm-offset-0&#8243;][\/vc_column][vc_column offset=&#8220;vc_col-lg-offset-0 vc_col-lg-8 vc_col-md-offset-0 vc_col-sm-offset-0 vc_col-xs-12&#8243;][\/vc_column][\/vc_row][vc_row content_placement=&#8220;middle&#8220; content_text_aligment=&#8220;center&#8220; simple_background_color=&#8220;#fdb913&#8243;][vc_column][\/vc_column][\/vc_row]\" \/>\n<meta property=\"og:url\" content=\"https:\/\/logystem.ch\/de\/quickcontrol\/\" \/>\n<meta property=\"og:site_name\" content=\"Logystem\" \/>\n<meta property=\"article:modified_time\" content=\"2024-04-09T12:25:38+00:00\" \/>\n<meta name=\"twitter:card\" content=\"summary_large_image\" \/>\n<meta name=\"twitter:label1\" content=\"Gesch\u00e4tzte Lesezeit\" \/>\n\t<meta name=\"twitter:data1\" content=\"3\u00a0Minuten\" \/>\n<script type=\"application\/ld+json\" class=\"yoast-schema-graph\">{\"@context\":\"https:\\\/\\\/schema.org\",\"@graph\":[{\"@type\":\"WebPage\",\"@id\":\"https:\\\/\\\/logystem.ch\\\/de\\\/quickcontrol\\\/\",\"url\":\"https:\\\/\\\/logystem.ch\\\/de\\\/quickcontrol\\\/\",\"name\":\"NTM Softwares - Logystem\",\"isPartOf\":{\"@id\":\"https:\\\/\\\/logystem.ch\\\/de\\\/#website\"},\"datePublished\":\"2024-01-09T16:17:04+00:00\",\"dateModified\":\"2024-04-09T12:25:38+00:00\",\"breadcrumb\":{\"@id\":\"https:\\\/\\\/logystem.ch\\\/de\\\/quickcontrol\\\/#breadcrumb\"},\"inLanguage\":\"de\",\"potentialAction\":[{\"@type\":\"ReadAction\",\"target\":[\"https:\\\/\\\/logystem.ch\\\/de\\\/quickcontrol\\\/\"]}]},{\"@type\":\"BreadcrumbList\",\"@id\":\"https:\\\/\\\/logystem.ch\\\/de\\\/quickcontrol\\\/#breadcrumb\",\"itemListElement\":[{\"@type\":\"ListItem\",\"position\":1,\"name\":\"Accueil\",\"item\":\"https:\\\/\\\/logystem.ch\\\/de\\\/main-home\\\/\"},{\"@type\":\"ListItem\",\"position\":2,\"name\":\"NTM Softwares\"}]},{\"@type\":\"WebSite\",\"@id\":\"https:\\\/\\\/logystem.ch\\\/de\\\/#website\",\"url\":\"https:\\\/\\\/logystem.ch\\\/de\\\/\",\"name\":\"Logystem\",\"description\":\"Votre partenaire qualit\u00e9\",\"publisher\":{\"@id\":\"https:\\\/\\\/logystem.ch\\\/de\\\/#organization\"},\"potentialAction\":[{\"@type\":\"SearchAction\",\"target\":{\"@type\":\"EntryPoint\",\"urlTemplate\":\"https:\\\/\\\/logystem.ch\\\/de\\\/?s={search_term_string}\"},\"query-input\":{\"@type\":\"PropertyValueSpecification\",\"valueRequired\":true,\"valueName\":\"search_term_string\"}}],\"inLanguage\":\"de\"},{\"@type\":\"Organization\",\"@id\":\"https:\\\/\\\/logystem.ch\\\/de\\\/#organization\",\"name\":\"Logystem\",\"url\":\"https:\\\/\\\/logystem.ch\\\/de\\\/\",\"logo\":{\"@type\":\"ImageObject\",\"inLanguage\":\"de\",\"@id\":\"https:\\\/\\\/logystem.ch\\\/de\\\/#\\\/schema\\\/logo\\\/image\\\/\",\"url\":\"https:\\\/\\\/logystem.ch\\\/wp-content\\\/uploads\\\/2023\\\/11\\\/Logo_logystem_DEF_CMYK_200x88mm_600dpi_Original.png\",\"contentUrl\":\"https:\\\/\\\/logystem.ch\\\/wp-content\\\/uploads\\\/2023\\\/11\\\/Logo_logystem_DEF_CMYK_200x88mm_600dpi_Original.png\",\"width\":600,\"height\":265,\"caption\":\"Logystem\"},\"image\":{\"@id\":\"https:\\\/\\\/logystem.ch\\\/de\\\/#\\\/schema\\\/logo\\\/image\\\/\"}}]}<\/script>\n<!-- \/ Yoast SEO plugin. -->","yoast_head_json":{"title":"NTM Softwares - Logystem","robots":{"index":"index","follow":"follow","max-snippet":"max-snippet:-1","max-image-preview":"max-image-preview:large","max-video-preview":"max-video-preview:-1"},"canonical":"https:\/\/logystem.ch\/de\/quickcontrol\/","og_locale":"de_DE","og_type":"article","og_title":"NTM Softwares - Logystem","og_description":"[vc_row equal_height=&#8220;yes&#8220; content_text_aligment=&#8220;left&#8220; simple_background_color=&#8220;#24272a&#8220;][vc_column offset=&#8220;vc_col-lg-offset-0 vc_col-lg-4 vc_col-md-offset-0 vc_col-sm-offset-0&#8243;][\/vc_column][vc_column offset=&#8220;vc_col-lg-offset-0 vc_col-lg-8 vc_col-md-offset-0 vc_col-sm-offset-0 vc_col-xs-12&#8243;][\/vc_column][\/vc_row][vc_row content_placement=&#8220;middle&#8220; content_text_aligment=&#8220;center&#8220; simple_background_color=&#8220;#fdb913&#8243;][vc_column][\/vc_column][\/vc_row]","og_url":"https:\/\/logystem.ch\/de\/quickcontrol\/","og_site_name":"Logystem","article_modified_time":"2024-04-09T12:25:38+00:00","twitter_card":"summary_large_image","twitter_misc":{"Gesch\u00e4tzte Lesezeit":"3\u00a0Minuten"},"schema":{"@context":"https:\/\/schema.org","@graph":[{"@type":"WebPage","@id":"https:\/\/logystem.ch\/de\/quickcontrol\/","url":"https:\/\/logystem.ch\/de\/quickcontrol\/","name":"NTM Softwares - Logystem","isPartOf":{"@id":"https:\/\/logystem.ch\/de\/#website"},"datePublished":"2024-01-09T16:17:04+00:00","dateModified":"2024-04-09T12:25:38+00:00","breadcrumb":{"@id":"https:\/\/logystem.ch\/de\/quickcontrol\/#breadcrumb"},"inLanguage":"de","potentialAction":[{"@type":"ReadAction","target":["https:\/\/logystem.ch\/de\/quickcontrol\/"]}]},{"@type":"BreadcrumbList","@id":"https:\/\/logystem.ch\/de\/quickcontrol\/#breadcrumb","itemListElement":[{"@type":"ListItem","position":1,"name":"Accueil","item":"https:\/\/logystem.ch\/de\/main-home\/"},{"@type":"ListItem","position":2,"name":"NTM Softwares"}]},{"@type":"WebSite","@id":"https:\/\/logystem.ch\/de\/#website","url":"https:\/\/logystem.ch\/de\/","name":"Logystem","description":"Votre partenaire qualit\u00e9","publisher":{"@id":"https:\/\/logystem.ch\/de\/#organization"},"potentialAction":[{"@type":"SearchAction","target":{"@type":"EntryPoint","urlTemplate":"https:\/\/logystem.ch\/de\/?s={search_term_string}"},"query-input":{"@type":"PropertyValueSpecification","valueRequired":true,"valueName":"search_term_string"}}],"inLanguage":"de"},{"@type":"Organization","@id":"https:\/\/logystem.ch\/de\/#organization","name":"Logystem","url":"https:\/\/logystem.ch\/de\/","logo":{"@type":"ImageObject","inLanguage":"de","@id":"https:\/\/logystem.ch\/de\/#\/schema\/logo\/image\/","url":"https:\/\/logystem.ch\/wp-content\/uploads\/2023\/11\/Logo_logystem_DEF_CMYK_200x88mm_600dpi_Original.png","contentUrl":"https:\/\/logystem.ch\/wp-content\/uploads\/2023\/11\/Logo_logystem_DEF_CMYK_200x88mm_600dpi_Original.png","width":600,"height":265,"caption":"Logystem"},"image":{"@id":"https:\/\/logystem.ch\/de\/#\/schema\/logo\/image\/"}}]}},"_links":{"self":[{"href":"https:\/\/logystem.ch\/de\/wp-json\/wp\/v2\/pages\/6298","targetHints":{"allow":["GET"]}}],"collection":[{"href":"https:\/\/logystem.ch\/de\/wp-json\/wp\/v2\/pages"}],"about":[{"href":"https:\/\/logystem.ch\/de\/wp-json\/wp\/v2\/types\/page"}],"author":[{"embeddable":true,"href":"https:\/\/logystem.ch\/de\/wp-json\/wp\/v2\/users\/3"}],"replies":[{"embeddable":true,"href":"https:\/\/logystem.ch\/de\/wp-json\/wp\/v2\/comments?post=6298"}],"version-history":[{"count":6,"href":"https:\/\/logystem.ch\/de\/wp-json\/wp\/v2\/pages\/6298\/revisions"}],"predecessor-version":[{"id":6310,"href":"https:\/\/logystem.ch\/de\/wp-json\/wp\/v2\/pages\/6298\/revisions\/6310"}],"wp:attachment":[{"href":"https:\/\/logystem.ch\/de\/wp-json\/wp\/v2\/media?parent=6298"}],"curies":[{"name":"wp","href":"https:\/\/api.w.org\/{rel}","templated":true}]}}