{"id":6256,"date":"2024-01-10T17:03:18","date_gmt":"2024-01-10T16:03:18","guid":{"rendered":"http:\/\/logystem.ch\/iqc\/"},"modified":"2025-07-24T15:18:10","modified_gmt":"2025-07-24T13:18:10","slug":"iqc","status":"publish","type":"page","link":"https:\/\/logystem.ch\/de\/iqc\/","title":{"rendered":"Reduzieren Sie Ihre Kontrollen"},"content":{"rendered":"<div class=\"wpb-content-wrapper\"><p>[vc_row full_width=&#8220;stretch_row&#8220; simple_background_color=&#8220;#2e3338&#8243;][vc_column]<div class=\"mkd-elements-holder   mkd-one-column  mkd-responsive-mode-768 \" ><div class=\"mkd-eh-item   mkd-horizontal-alignment-center \" style=\"background-image: url(https:\/\/logystem.ch\/wp-content\/uploads\/2024\/01\/IQS-Menu.jpg)\" data-item-class=\"mkd-eh-custom-8139\">\n\n\t<div class=\"mkd-eh-item-inner\">\n\n\t\t<div class=\"mkd-eh-item-content mkd-eh-custom-8139\" style=\"padding: 120px 25% 120px 25%\">\n\t\t\t[vc_wp_text]<\/p>\n<p class=\"row-simple_text__NwpI_\" style=\"text-align: center;\">Verbinden Sie Ihre Messmittel direkt mit Ellistat und profitieren Sie von Echtzeitaktualisierungen Ihrer Kontrollen in der Produktion. So berechnen Sie Ihre Qualit\u00e4tsindikatoren, passen Ihre Prozesse an und werden automatisch benachrichtigt, wenn ein Verfahren vom Kurs abweicht.<\/p>\n<h3 class=\"row-simple_subtitle__aH5SG\" style=\"text-align: center;\"><span style=\"color: #f1c157;\">Unser IQC-Modul wurde entwickelt, um Produktionschargen von der Eingangskontrolle bis zur Endkontrolle zu validieren.<\/span><\/h3>\n<p>[\/vc_wp_text]\t\t<\/div>\n\n\t<\/div>\n\n    <\/div><\/div>[\/vc_column][\/vc_row][vc_row][vc_column][vc_empty_space height=&#8220;50&#8243;][\/vc_column][\/vc_row][vc_row][vc_column]<div class=\"mkd-elements-holder   mkd-one-column  mkd-responsive-mode-768 \" style=\"background-color: #ffffff\"><div class=\"mkd-eh-item    \" style=\"background-color: #ffffff\" data-item-class=\"mkd-eh-custom-8766\">\n\n\t<div class=\"mkd-eh-item-inner\">\n\n\t\t<div class=\"mkd-eh-item-content mkd-eh-custom-8766\" >\n\t\t\t[vc_single_image image=&#8220;6495&#8243; img_size=&#8220;full&#8220; alignment=&#8220;center&#8220; css=&#8220;.vc_custom_1713519078071{background-color: #f4f4f4 !important;}&#8220;]\t\t<\/div>\n\n\t<\/div>\n\n    <\/div><\/div>[\/vc_column][\/vc_row][vc_row][vc_column][vc_empty_space height=&#8220;80px&#8220;][\/vc_column][\/vc_row][vc_row][vc_column][vc_column_text]<\/p>\n<h2 style=\"text-align: center;\">Ihre <span style=\"color: #f1c157;\">Gewinne<\/span><\/h2>\n<p>[\/vc_column_text][\/vc_column][\/vc_row][vc_row][vc_column][vc_empty_space height=&#8220;80px&#8220;][\/vc_column][\/vc_row][vc_row][vc_column width=&#8220;1\/3&#8243;][vc_progress_bar values=&#8220;%5B%7B%22label%22%3A%22Reduzierung%20der%20Pr%C3%BCfungszeit%22%2C%22value%22%3A%2275%22%2C%22color%22%3A%22custom%22%2C%22customcolor%22%3A%22%23000000%22%2C%22customtxtcolor%22%3A%22%23f1c157%22%7D%5D&#8220; title=&#8220;-75%&#8220; units=&#8220;%&#8220;][\/vc_column][vc_column width=&#8220;1\/3&#8243;][vc_progress_bar values=&#8220;%5B%7B%22label%22%3A%22Reduzierung%20der%20Anzahl%20der%20Kontrollen%22%2C%22value%22%3A%2250%22%2C%22color%22%3A%22custom%22%2C%22customcolor%22%3A%22%23f1c157%22%2C%22customtxtcolor%22%3A%22%23000000%22%7D%5D&#8220; title=&#8220;-50%&#8220; units=&#8220;%&#8220;][\/vc_column][vc_column width=&#8220;1\/3&#8243;][vc_progress_bar values=&#8220;%5B%7B%22label%22%3A%22Nur%204%20Stunden%20Training%22%2C%22value%22%3A%224%22%2C%22color%22%3A%22custom%22%2C%22customcolor%22%3A%22%23f1c157%22%2C%22customtxtcolor%22%3A%22%23000000%22%7D%5D&#8220; title=&#8220;4 H&#8220;][\/vc_column][\/vc_row][vc_row][vc_column][vc_empty_space height=&#8220;50px&#8220;][\/vc_column][\/vc_row][vc_row][vc_column][vc_column_text]<\/p>\n<h3 class=\"row-simple_title__wkgUH\" style=\"text-align: center;\">Es kann sein, dass Sie auf einer Goldmine sitzen.<\/h3>\n<p class=\"row-simple_text__NwpI_\" style=\"text-align: center;\">Anpassbar an jede Art von Pr\u00fcfplan, F\u00e4higkeitsanalyse in Echtzeit, Anschluss an Messmittel, Datenexport. Es wurde an alles gedacht, um Ihnen das Leben leichter zu machen.<\/p>\n<h4 class=\"row-simple_subtitle__aH5SG\" style=\"text-align: center;\"><span style=\"color: #f1c157;\">Die Senkung Ihrer Kosten durch die Einf\u00fchrung einer L\u00f6sung zur statistischen Prozess\u00fcberwachung war mit Ellistat noch nie so einfach.<\/span><\/h4>\n<p>[\/vc_column_text][\/vc_column][\/vc_row][vc_row][vc_column][vc_empty_space height=&#8220;80px&#8220;][\/vc_column][\/vc_row][vc_row][vc_column width=&#8220;1\/3&#8243;]<div class=\"mkd-elements-holder   mkd-one-column  mkd-responsive-mode-768 \" ><div class=\"mkd-eh-item    \"  data-item-class=\"mkd-eh-custom-2692\">\n\n\t<div class=\"mkd-eh-item-inner\">\n\n\t\t<div class=\"mkd-eh-item-content mkd-eh-custom-2692\" >\n\t\t\t<div class=\"mkd-iwt clearfix  mkd-iwt-icon-top mkd-iwt-icon-small\">\n\t<div class=\"mkd-iwt-icon\">\n\t\t\t\t\t\t\t\t\t    <span class=\"mkd-icon-shortcode mkd-normal   mkd-icon-small\"  data-color=\"#f1c157\">\n                    <i class=\"mkd-icon-ion-icon ion-arrow-return-left mkd-icon-element\" style=\"color: #f1c157\" ><\/i>            <\/span>\n\t\t\t\t\t\t<\/div>\n\t<div class=\"mkd-iwt-content\" >\n\t\t\t\t\t<h4 class=\"mkd-iwt-title\" >\n\t\t\t\t\t\t\t\t<span class=\"mkd-iwt-title-text\">Einfach zu installieren und zu verwenden<\/span>\n\t\t\t\t\t\t\t<\/h4>\n\t\t\t\t\t\t\t<p class=\"mkd-iwt-text\" >Eine webbasierte L\u00f6sung, die im Unternehmen einfach einzusetzen und zu aktualisieren ist. Keine Begrenzung der Anzahl der Computer.<\/p>\n\t\t\t<\/div>\n<\/div>\t\t<\/div>\n\n\t<\/div>\n\n    <\/div><\/div>[\/vc_column][vc_column width=&#8220;1\/3&#8243;]<div class=\"mkd-elements-holder   mkd-one-column  mkd-responsive-mode-768 \" ><div class=\"mkd-eh-item    \"  data-item-class=\"mkd-eh-custom-4998\">\n\n\t<div class=\"mkd-eh-item-inner\">\n\n\t\t<div class=\"mkd-eh-item-content mkd-eh-custom-4998\" >\n\t\t\t<div class=\"mkd-iwt clearfix  mkd-iwt-icon-top mkd-iwt-icon-small\">\n\t<div class=\"mkd-iwt-icon\">\n\t\t\t\t\t\t\t\t\t    <span class=\"mkd-icon-shortcode mkd-normal   mkd-icon-small\"  data-color=\"#f1c157\">\n                    <span aria-hidden=\"true\" class=\"mkd-icon-font-elegant icon_box-checked mkd-icon-element\" style=\"color: #f1c157\" ><\/span>            <\/span>\n\t\t\t\t\t\t<\/div>\n\t<div class=\"mkd-iwt-content\" >\n\t\t\t\t\t<h4 class=\"mkd-iwt-title\" >\n\t\t\t\t\t\t\t\t<span class=\"mkd-iwt-title-text\">Sicher<\/span>\n\t\t\t\t\t\t\t<\/h4>\n\t\t\t\t\t\t\t<p class=\"mkd-iwt-text\" >Sicheres Datenhosting durch eine lokale L\u00f6sung auf den Servern Ihres Unternehmens. Es ist keine Kommunikation mit der Au\u00dfenwelt erforderlich.<\/p>\n\t\t\t<\/div>\n<\/div>\t\t<\/div>\n\n\t<\/div>\n\n    <\/div><\/div>[\/vc_column][vc_column width=&#8220;1\/3&#8243;]<div class=\"mkd-elements-holder   mkd-one-column  mkd-responsive-mode-768 \" ><div class=\"mkd-eh-item    \"  data-item-class=\"mkd-eh-custom-9164\">\n\n\t<div class=\"mkd-eh-item-inner\">\n\n\t\t<div class=\"mkd-eh-item-content mkd-eh-custom-9164\" >\n\t\t\t<div class=\"mkd-iwt clearfix  mkd-iwt-icon-top mkd-iwt-icon-small\">\n\t<div class=\"mkd-iwt-icon\">\n\t\t\t\t\t\t\t\t\t    <span class=\"mkd-icon-shortcode mkd-normal   mkd-icon-small\"  data-color=\"#f1c157\">\n                    <i class=\"mkd-icon-ion-icon ion-ios-people mkd-icon-element\" style=\"color: #f1c157\" ><\/i>            <\/span>\n\t\t\t\t\t\t<\/div>\n\t<div class=\"mkd-iwt-content\" >\n\t\t\t\t\t<h4 class=\"mkd-iwt-title\" >\n\t\t\t\t\t\t\t\t<span class=\"mkd-iwt-title-text\">Ultra einfach<\/span>\n\t\t\t\t\t\t\t<\/h4>\n\t\t\t\t\t\t\t<p class=\"mkd-iwt-text\" >Wir arbeiten stundenlang, um Ihnen ein paar Sekunden zu ersparen. Ergonomisch und intuitiv, Sie m\u00fcssen kein Experte sein, um Ellistat zu benutzen und einzurichten.<\/p>\n\t\t\t<\/div>\n<\/div>\t\t<\/div>\n\n\t<\/div>\n\n    <\/div><\/div>[\/vc_column][\/vc_row][vc_row][vc_column][vc_empty_space height=&#8220;40px&#8220;][\/vc_column][\/vc_row][vc_row][vc_column width=&#8220;1\/3&#8243;]<div class=\"mkd-elements-holder   mkd-one-column  mkd-responsive-mode-768 \" ><div class=\"mkd-eh-item    \"  data-item-class=\"mkd-eh-custom-8642\">\n\n\t<div class=\"mkd-eh-item-inner\">\n\n\t\t<div class=\"mkd-eh-item-content mkd-eh-custom-8642\" >\n\t\t\t<div class=\"mkd-iwt clearfix  mkd-iwt-icon-top mkd-iwt-icon-small\">\n\t<div class=\"mkd-iwt-icon\">\n\t\t\t\t\t\t\t\t\t    <span class=\"mkd-icon-shortcode mkd-normal   mkd-icon-small\"  data-color=\"#f1c157\">\n                    <i class=\"mkd-icon-ion-icon ion-arrow-move mkd-icon-element\" style=\"color: #f1c157\" ><\/i>            <\/span>\n\t\t\t\t\t\t<\/div>\n\t<div class=\"mkd-iwt-content\" >\n\t\t\t\t\t<h4 class=\"mkd-iwt-title\" >\n\t\t\t\t\t\t\t\t<span class=\"mkd-iwt-title-text\">Anpassungsf\u00e4hig<\/span>\n\t\t\t\t\t\t\t<\/h4>\n\t\t\t\t\t\t\t<p class=\"mkd-iwt-text\" >Ellistat passt sich der Konfiguration jedes Unternehmens an. Unsere L\u00f6sung funktioniert mit allen Arten von Prozessen.<\/p>\n\t\t\t<\/div>\n<\/div>\t\t<\/div>\n\n\t<\/div>\n\n    <\/div><\/div>[\/vc_column][vc_column width=&#8220;1\/3&#8243;]<div class=\"mkd-elements-holder   mkd-one-column  mkd-responsive-mode-768 \" ><div class=\"mkd-eh-item    \"  data-item-class=\"mkd-eh-custom-3122\">\n\n\t<div class=\"mkd-eh-item-inner\">\n\n\t\t<div class=\"mkd-eh-item-content mkd-eh-custom-3122\" >\n\t\t\t<div class=\"mkd-iwt clearfix  mkd-iwt-icon-top mkd-iwt-icon-small\">\n\t<div class=\"mkd-iwt-icon\">\n\t\t\t\t\t\t\t\t\t    <span class=\"mkd-icon-shortcode mkd-normal   mkd-icon-small\"  data-color=\"#f1c157\">\n                    <span aria-hidden=\"true\" class=\"mkd-icon-font-elegant icon_pencil-edit mkd-icon-element\" style=\"color: #f1c157\" ><\/span>            <\/span>\n\t\t\t\t\t\t<\/div>\n\t<div class=\"mkd-iwt-content\" >\n\t\t\t\t\t<h4 class=\"mkd-iwt-title\" >\n\t\t\t\t\t\t\t\t<span class=\"mkd-iwt-title-text\">Benutzerhandbuch<\/span>\n\t\t\t\t\t\t\t<\/h4>\n\t\t\t\t\t\t\t<p class=\"mkd-iwt-text\" >Unser interaktives Benutzerhandbuch wird Ihnen alle Tricks und Kniffe beibringen, wie Sie Ellistat einrichten und nach Ihren Vorstellungen gestalten k\u00f6nnen.<\/p>\n\t\t\t<\/div>\n<\/div>\t\t<\/div>\n\n\t<\/div>\n\n    <\/div><\/div>[\/vc_column][vc_column width=&#8220;1\/3&#8243;]<div class=\"mkd-elements-holder   mkd-one-column  mkd-responsive-mode-768 \" ><div class=\"mkd-eh-item    \"  data-item-class=\"mkd-eh-custom-1132\">\n\n\t<div class=\"mkd-eh-item-inner\">\n\n\t\t<div class=\"mkd-eh-item-content mkd-eh-custom-1132\" >\n\t\t\t<div class=\"mkd-iwt clearfix  mkd-iwt-icon-top mkd-iwt-icon-small\">\n\t<div class=\"mkd-iwt-icon\">\n\t\t\t\t\t\t\t\t\t    <span class=\"mkd-icon-shortcode mkd-normal   mkd-icon-small\"  data-color=\"#f1c157\">\n                    <i class=\"mkd-icon-ion-icon ion-calendar mkd-icon-element\" style=\"color: #f1c157\" ><\/i>            <\/span>\n\t\t\t\t\t\t<\/div>\n\t<div class=\"mkd-iwt-content\" >\n\t\t\t\t\t<h4 class=\"mkd-iwt-title\" >\n\t\t\t\t\t\t\t\t<span class=\"mkd-iwt-title-text\">1 Monat Testphase<\/span>\n\t\t\t\t\t\t\t<\/h4>\n\t\t\t\t\t\t\t<p class=\"mkd-iwt-text\" >Kostenlos, um Ellistat SPC direkt an Ihren Ger\u00e4ten auszuprobieren.<\/p>\n\t\t\t<\/div>\n<\/div>\t\t<\/div>\n\n\t<\/div>\n\n    <\/div><\/div>[\/vc_column][\/vc_row][vc_row][vc_column width=&#8220;1\/3&#8243;][vc_empty_space height=&#8220;80px&#8220;]<a itemprop=\"url\" href=\"\/de\/ellistat\/apc\" target=\"_self\"  class=\"mkd-btn mkd-btn-full-width mkd-btn-solid mkd-btn-custom-hover-bg mkd-btn-custom-border-hover mkd-btn-custom-hover-color\" >\n    <span class=\"mkd-btn-text\" style=\"color: #5a5fac;background-color: #ffffff;border-color: #5a5fac;font-size: 40px\" data-hover-color=\"#ffffff\" data-hover-bg-color=\"#5a5fac\" data-hover-border-color=\"#5a5fac\">APC<\/span>\n    <span class=\"mkd-btn-icon\" ><\/span>\n<\/a>[vc_empty_space height=&#8220;80&#8243;][\/vc_column][vc_column width=&#8220;1\/3&#8243;][vc_empty_space height=&#8220;80&#8243;]<a itemprop=\"url\" href=\"\/de\/ellistat\/spc\" target=\"_self\"  class=\"mkd-btn mkd-btn-full-width mkd-btn-solid mkd-btn-custom-hover-bg mkd-btn-custom-border-hover mkd-btn-custom-hover-color\" >\n    <span class=\"mkd-btn-text\" style=\"color: #c63f57;background-color: #ffffff;border-color: #c63f57;font-size: 40px\" data-hover-color=\"#ffffff\" data-hover-bg-color=\"#c63f57\" data-hover-border-color=\"#c63f57\">SPC<\/span>\n    <span class=\"mkd-btn-icon\" ><\/span>\n<\/a>[vc_empty_space height=&#8220;80&#8243;][\/vc_column][vc_column width=&#8220;1\/3&#8243;][vc_empty_space height=&#8220;80&#8243;]<a itemprop=\"url\" href=\"\/de\/ellistat\/analyses\" target=\"_self\"  class=\"mkd-btn mkd-btn-full-width mkd-btn-solid mkd-btn-custom-hover-bg mkd-btn-custom-border-hover mkd-btn-custom-hover-color\" >\n    <span class=\"mkd-btn-text\" style=\"color: #87bf9e;background-color: #ffffff;border-color: #87bf9e;font-size: 40px\" data-hover-color=\"#ffffff\" data-hover-bg-color=\"#87bf9e\" data-hover-border-color=\"#87bf9e\">Analysen<\/span>\n    <span class=\"mkd-btn-icon\" ><\/span>\n<\/a>[vc_empty_space height=&#8220;80&#8243;][\/vc_column][\/vc_row][vc_row full_width=&#8220;stretch_row_content_no_spaces&#8220; content_placement=&#8220;middle&#8220; content_text_aligment=&#8220;center&#8220;][vc_column]<a itemprop=\"url\" href=\"\/de\/contact-us\/\" target=\"_self\"  class=\"mkd-btn mkd-btn-full-width mkd-btn-solid mkd-btn-custom-hover-bg mkd-btn-custom-border-hover\" >\n    <span class=\"mkd-btn-text\" style=\"font-size: 60px;font-family: Oswald;letter-spacing: 0;height: 200px\" data-hover-bg-color=\"#f1c157\" data-hover-border-color=\"#f1c157\">Kontaktieren Sie uns!<\/span>\n    <span class=\"mkd-btn-icon\" ><\/span>\n<\/a>[\/vc_column][\/vc_row]<\/p>\n<\/div>","protected":false},"excerpt":{"rendered":"<p>[vc_row full_width=&#8220;stretch_row&#8220; simple_background_color=&#8220;#2e3338&#8243;][vc_column][\/vc_column][\/vc_row][vc_row][vc_column][vc_empty_space height=&#8220;50&#8243;][\/vc_column][\/vc_row][vc_row][vc_column][\/vc_column][\/vc_row][vc_row][vc_column][vc_empty_space height=&#8220;80px&#8220;][\/vc_column][\/vc_row][vc_row][vc_column][vc_column_text] Ihre Gewinne [\/vc_column_text][\/vc_column][\/vc_row][vc_row][vc_column][vc_empty_space height=&#8220;80px&#8220;][\/vc_column][\/vc_row][vc_row][vc_column width=&#8220;1\/3&#8243;][vc_progress_bar values=&#8220;%5B%7B%22label%22%3A%22Reduzierung%20der%20Pr%C3%BCfungszeit%22%2C%22value%22%3A%2275%22%2C%22color%22%3A%22custom%22%2C%22customcolor%22%3A%22%23000000%22%2C%22customtxtcolor%22%3A%22%23f1c157%22%7D%5D&#8220; title=&#8220;-75%&#8220; units=&#8220;%&#8220;][\/vc_column][vc_column width=&#8220;1\/3&#8243;][vc_progress_bar values=&#8220;%5B%7B%22label%22%3A%22Reduzierung%20der%20Anzahl%20der%20Kontrollen%22%2C%22value%22%3A%2250%22%2C%22color%22%3A%22custom%22%2C%22customcolor%22%3A%22%23f1c157%22%2C%22customtxtcolor%22%3A%22%23000000%22%7D%5D&#8220; title=&#8220;-50%&#8220; units=&#8220;%&#8220;][\/vc_column][vc_column width=&#8220;1\/3&#8243;][vc_progress_bar values=&#8220;%5B%7B%22label%22%3A%22Nur%204%20Stunden%20Training%22%2C%22value%22%3A%224%22%2C%22color%22%3A%22custom%22%2C%22customcolor%22%3A%22%23f1c157%22%2C%22customtxtcolor%22%3A%22%23000000%22%7D%5D&#8220; title=&#8220;4 H&#8220;][\/vc_column][\/vc_row][vc_row][vc_column][vc_empty_space height=&#8220;50px&#8220;][\/vc_column][\/vc_row][vc_row][vc_column][vc_column_text] Es kann sein, dass Sie auf einer Goldmine sitzen. Anpassbar an jede Art von Pr\u00fcfplan, F\u00e4higkeitsanalyse in Echtzeit, Anschluss an Messmittel, [&hellip;]<\/p>\n","protected":false},"author":3,"featured_media":0,"parent":0,"menu_order":0,"comment_status":"closed","ping_status":"open","template":"","meta":{"footnotes":""},"class_list":["post-6256","page","type-page","status-publish","hentry"],"yoast_head":"<!-- This site is optimized with the Yoast SEO plugin v27.3 - https:\/\/yoast.com\/product\/yoast-seo-wordpress\/ -->\n<title>Reduzieren Sie Ihre Kontrollen - Logystem<\/title>\n<meta name=\"robots\" content=\"index, follow, max-snippet:-1, max-image-preview:large, max-video-preview:-1\" \/>\n<link rel=\"canonical\" href=\"https:\/\/logystem.ch\/de\/iqc\/\" \/>\n<meta property=\"og:locale\" content=\"de_DE\" \/>\n<meta property=\"og:type\" content=\"article\" \/>\n<meta property=\"og:title\" content=\"Reduzieren Sie Ihre Kontrollen - Logystem\" \/>\n<meta property=\"og:description\" content=\"[vc_row full_width=&#8220;stretch_row&#8220; simple_background_color=&#8220;#2e3338&#8243;][vc_column][\/vc_column][\/vc_row][vc_row][vc_column][vc_empty_space height=&#8220;50&#8243;][\/vc_column][\/vc_row][vc_row][vc_column][\/vc_column][\/vc_row][vc_row][vc_column][vc_empty_space height=&#8220;80px&#8220;][\/vc_column][\/vc_row][vc_row][vc_column][vc_column_text] Ihre Gewinne [\/vc_column_text][\/vc_column][\/vc_row][vc_row][vc_column][vc_empty_space height=&#8220;80px&#8220;][\/vc_column][\/vc_row][vc_row][vc_column width=&#8220;1\/3&#8243;][vc_progress_bar values=&#8220;%5B%7B%22label%22%3A%22Reduzierung%20der%20Pr%C3%BCfungszeit%22%2C%22value%22%3A%2275%22%2C%22color%22%3A%22custom%22%2C%22customcolor%22%3A%22%23000000%22%2C%22customtxtcolor%22%3A%22%23f1c157%22%7D%5D&#8220; title=&#8220;-75%&#8220; units=&#8220;%&#8220;][\/vc_column][vc_column width=&#8220;1\/3&#8243;][vc_progress_bar values=&#8220;%5B%7B%22label%22%3A%22Reduzierung%20der%20Anzahl%20der%20Kontrollen%22%2C%22value%22%3A%2250%22%2C%22color%22%3A%22custom%22%2C%22customcolor%22%3A%22%23f1c157%22%2C%22customtxtcolor%22%3A%22%23000000%22%7D%5D&#8220; title=&#8220;-50%&#8220; units=&#8220;%&#8220;][\/vc_column][vc_column width=&#8220;1\/3&#8243;][vc_progress_bar values=&#8220;%5B%7B%22label%22%3A%22Nur%204%20Stunden%20Training%22%2C%22value%22%3A%224%22%2C%22color%22%3A%22custom%22%2C%22customcolor%22%3A%22%23f1c157%22%2C%22customtxtcolor%22%3A%22%23000000%22%7D%5D&#8220; title=&#8220;4 H&#8220;][\/vc_column][\/vc_row][vc_row][vc_column][vc_empty_space height=&#8220;50px&#8220;][\/vc_column][\/vc_row][vc_row][vc_column][vc_column_text] Es kann sein, dass Sie auf einer Goldmine sitzen. Anpassbar an jede Art von Pr\u00fcfplan, F\u00e4higkeitsanalyse in Echtzeit, Anschluss an Messmittel, [&hellip;]\" \/>\n<meta property=\"og:url\" content=\"https:\/\/logystem.ch\/de\/iqc\/\" \/>\n<meta property=\"og:site_name\" content=\"Logystem\" \/>\n<meta property=\"article:modified_time\" content=\"2025-07-24T13:18:10+00:00\" \/>\n<meta name=\"twitter:card\" content=\"summary_large_image\" \/>\n<meta name=\"twitter:label1\" content=\"Gesch\u00e4tzte Lesezeit\" \/>\n\t<meta name=\"twitter:data1\" content=\"3\u00a0Minuten\" \/>\n<script type=\"application\/ld+json\" class=\"yoast-schema-graph\">{\"@context\":\"https:\\\/\\\/schema.org\",\"@graph\":[{\"@type\":\"WebPage\",\"@id\":\"https:\\\/\\\/logystem.ch\\\/de\\\/iqc\\\/\",\"url\":\"https:\\\/\\\/logystem.ch\\\/de\\\/iqc\\\/\",\"name\":\"Reduzieren Sie Ihre Kontrollen - Logystem\",\"isPartOf\":{\"@id\":\"https:\\\/\\\/logystem.ch\\\/de\\\/#website\"},\"datePublished\":\"2024-01-10T16:03:18+00:00\",\"dateModified\":\"2025-07-24T13:18:10+00:00\",\"breadcrumb\":{\"@id\":\"https:\\\/\\\/logystem.ch\\\/de\\\/iqc\\\/#breadcrumb\"},\"inLanguage\":\"de\",\"potentialAction\":[{\"@type\":\"ReadAction\",\"target\":[\"https:\\\/\\\/logystem.ch\\\/de\\\/iqc\\\/\"]}]},{\"@type\":\"BreadcrumbList\",\"@id\":\"https:\\\/\\\/logystem.ch\\\/de\\\/iqc\\\/#breadcrumb\",\"itemListElement\":[{\"@type\":\"ListItem\",\"position\":1,\"name\":\"Accueil\",\"item\":\"https:\\\/\\\/logystem.ch\\\/de\\\/main-home\\\/\"},{\"@type\":\"ListItem\",\"position\":2,\"name\":\"Reduzieren Sie Ihre Kontrollen\"}]},{\"@type\":\"WebSite\",\"@id\":\"https:\\\/\\\/logystem.ch\\\/de\\\/#website\",\"url\":\"https:\\\/\\\/logystem.ch\\\/de\\\/\",\"name\":\"Logystem\",\"description\":\"Votre partenaire qualit\u00e9\",\"publisher\":{\"@id\":\"https:\\\/\\\/logystem.ch\\\/de\\\/#organization\"},\"potentialAction\":[{\"@type\":\"SearchAction\",\"target\":{\"@type\":\"EntryPoint\",\"urlTemplate\":\"https:\\\/\\\/logystem.ch\\\/de\\\/?s={search_term_string}\"},\"query-input\":{\"@type\":\"PropertyValueSpecification\",\"valueRequired\":true,\"valueName\":\"search_term_string\"}}],\"inLanguage\":\"de\"},{\"@type\":\"Organization\",\"@id\":\"https:\\\/\\\/logystem.ch\\\/de\\\/#organization\",\"name\":\"Logystem\",\"url\":\"https:\\\/\\\/logystem.ch\\\/de\\\/\",\"logo\":{\"@type\":\"ImageObject\",\"inLanguage\":\"de\",\"@id\":\"https:\\\/\\\/logystem.ch\\\/de\\\/#\\\/schema\\\/logo\\\/image\\\/\",\"url\":\"https:\\\/\\\/logystem.ch\\\/wp-content\\\/uploads\\\/2023\\\/11\\\/Logo_logystem_DEF_CMYK_200x88mm_600dpi_Original.png\",\"contentUrl\":\"https:\\\/\\\/logystem.ch\\\/wp-content\\\/uploads\\\/2023\\\/11\\\/Logo_logystem_DEF_CMYK_200x88mm_600dpi_Original.png\",\"width\":600,\"height\":265,\"caption\":\"Logystem\"},\"image\":{\"@id\":\"https:\\\/\\\/logystem.ch\\\/de\\\/#\\\/schema\\\/logo\\\/image\\\/\"}}]}<\/script>\n<!-- \/ Yoast SEO plugin. -->","yoast_head_json":{"title":"Reduzieren Sie Ihre Kontrollen - Logystem","robots":{"index":"index","follow":"follow","max-snippet":"max-snippet:-1","max-image-preview":"max-image-preview:large","max-video-preview":"max-video-preview:-1"},"canonical":"https:\/\/logystem.ch\/de\/iqc\/","og_locale":"de_DE","og_type":"article","og_title":"Reduzieren Sie Ihre Kontrollen - Logystem","og_description":"[vc_row full_width=&#8220;stretch_row&#8220; simple_background_color=&#8220;#2e3338&#8243;][vc_column][\/vc_column][\/vc_row][vc_row][vc_column][vc_empty_space height=&#8220;50&#8243;][\/vc_column][\/vc_row][vc_row][vc_column][\/vc_column][\/vc_row][vc_row][vc_column][vc_empty_space height=&#8220;80px&#8220;][\/vc_column][\/vc_row][vc_row][vc_column][vc_column_text] Ihre Gewinne [\/vc_column_text][\/vc_column][\/vc_row][vc_row][vc_column][vc_empty_space height=&#8220;80px&#8220;][\/vc_column][\/vc_row][vc_row][vc_column width=&#8220;1\/3&#8243;][vc_progress_bar values=&#8220;%5B%7B%22label%22%3A%22Reduzierung%20der%20Pr%C3%BCfungszeit%22%2C%22value%22%3A%2275%22%2C%22color%22%3A%22custom%22%2C%22customcolor%22%3A%22%23000000%22%2C%22customtxtcolor%22%3A%22%23f1c157%22%7D%5D&#8220; title=&#8220;-75%&#8220; units=&#8220;%&#8220;][\/vc_column][vc_column width=&#8220;1\/3&#8243;][vc_progress_bar values=&#8220;%5B%7B%22label%22%3A%22Reduzierung%20der%20Anzahl%20der%20Kontrollen%22%2C%22value%22%3A%2250%22%2C%22color%22%3A%22custom%22%2C%22customcolor%22%3A%22%23f1c157%22%2C%22customtxtcolor%22%3A%22%23000000%22%7D%5D&#8220; title=&#8220;-50%&#8220; units=&#8220;%&#8220;][\/vc_column][vc_column width=&#8220;1\/3&#8243;][vc_progress_bar values=&#8220;%5B%7B%22label%22%3A%22Nur%204%20Stunden%20Training%22%2C%22value%22%3A%224%22%2C%22color%22%3A%22custom%22%2C%22customcolor%22%3A%22%23f1c157%22%2C%22customtxtcolor%22%3A%22%23000000%22%7D%5D&#8220; title=&#8220;4 H&#8220;][\/vc_column][\/vc_row][vc_row][vc_column][vc_empty_space height=&#8220;50px&#8220;][\/vc_column][\/vc_row][vc_row][vc_column][vc_column_text] Es kann sein, dass Sie auf einer Goldmine sitzen. Anpassbar an jede Art von Pr\u00fcfplan, F\u00e4higkeitsanalyse in Echtzeit, Anschluss an Messmittel, [&hellip;]","og_url":"https:\/\/logystem.ch\/de\/iqc\/","og_site_name":"Logystem","article_modified_time":"2025-07-24T13:18:10+00:00","twitter_card":"summary_large_image","twitter_misc":{"Gesch\u00e4tzte Lesezeit":"3\u00a0Minuten"},"schema":{"@context":"https:\/\/schema.org","@graph":[{"@type":"WebPage","@id":"https:\/\/logystem.ch\/de\/iqc\/","url":"https:\/\/logystem.ch\/de\/iqc\/","name":"Reduzieren Sie Ihre Kontrollen - Logystem","isPartOf":{"@id":"https:\/\/logystem.ch\/de\/#website"},"datePublished":"2024-01-10T16:03:18+00:00","dateModified":"2025-07-24T13:18:10+00:00","breadcrumb":{"@id":"https:\/\/logystem.ch\/de\/iqc\/#breadcrumb"},"inLanguage":"de","potentialAction":[{"@type":"ReadAction","target":["https:\/\/logystem.ch\/de\/iqc\/"]}]},{"@type":"BreadcrumbList","@id":"https:\/\/logystem.ch\/de\/iqc\/#breadcrumb","itemListElement":[{"@type":"ListItem","position":1,"name":"Accueil","item":"https:\/\/logystem.ch\/de\/main-home\/"},{"@type":"ListItem","position":2,"name":"Reduzieren Sie Ihre Kontrollen"}]},{"@type":"WebSite","@id":"https:\/\/logystem.ch\/de\/#website","url":"https:\/\/logystem.ch\/de\/","name":"Logystem","description":"Votre partenaire qualit\u00e9","publisher":{"@id":"https:\/\/logystem.ch\/de\/#organization"},"potentialAction":[{"@type":"SearchAction","target":{"@type":"EntryPoint","urlTemplate":"https:\/\/logystem.ch\/de\/?s={search_term_string}"},"query-input":{"@type":"PropertyValueSpecification","valueRequired":true,"valueName":"search_term_string"}}],"inLanguage":"de"},{"@type":"Organization","@id":"https:\/\/logystem.ch\/de\/#organization","name":"Logystem","url":"https:\/\/logystem.ch\/de\/","logo":{"@type":"ImageObject","inLanguage":"de","@id":"https:\/\/logystem.ch\/de\/#\/schema\/logo\/image\/","url":"https:\/\/logystem.ch\/wp-content\/uploads\/2023\/11\/Logo_logystem_DEF_CMYK_200x88mm_600dpi_Original.png","contentUrl":"https:\/\/logystem.ch\/wp-content\/uploads\/2023\/11\/Logo_logystem_DEF_CMYK_200x88mm_600dpi_Original.png","width":600,"height":265,"caption":"Logystem"},"image":{"@id":"https:\/\/logystem.ch\/de\/#\/schema\/logo\/image\/"}}]}},"_links":{"self":[{"href":"https:\/\/logystem.ch\/de\/wp-json\/wp\/v2\/pages\/6256","targetHints":{"allow":["GET"]}}],"collection":[{"href":"https:\/\/logystem.ch\/de\/wp-json\/wp\/v2\/pages"}],"about":[{"href":"https:\/\/logystem.ch\/de\/wp-json\/wp\/v2\/types\/page"}],"author":[{"embeddable":true,"href":"https:\/\/logystem.ch\/de\/wp-json\/wp\/v2\/users\/3"}],"replies":[{"embeddable":true,"href":"https:\/\/logystem.ch\/de\/wp-json\/wp\/v2\/comments?post=6256"}],"version-history":[{"count":11,"href":"https:\/\/logystem.ch\/de\/wp-json\/wp\/v2\/pages\/6256\/revisions"}],"predecessor-version":[{"id":6501,"href":"https:\/\/logystem.ch\/de\/wp-json\/wp\/v2\/pages\/6256\/revisions\/6501"}],"wp:attachment":[{"href":"https:\/\/logystem.ch\/de\/wp-json\/wp\/v2\/media?parent=6256"}],"curies":[{"name":"wp","href":"https:\/\/api.w.org\/{rel}","templated":true}]}}