{"id":6213,"date":"2017-11-21T07:47:01","date_gmt":"2017-11-21T06:47:01","guid":{"rendered":"http:\/\/logystem.ch\/main-home\/"},"modified":"2025-03-19T14:12:31","modified_gmt":"2025-03-19T13:12:31","slug":"main-home","status":"publish","type":"page","link":"https:\/\/logystem.ch\/de\/","title":{"rendered":"Home"},"content":{"rendered":"<div class=\"wpb-content-wrapper\"><p>[vc_row simple_background_color=&#8220;#24272a&#8220;][vc_column][vc_empty_space height=&#8220;100px&#8220;][rev_slider_vc alias=&#8220;new-slider-1&#8243; enable_paspartu=&#8220;no&#8220;][vc_empty_space height=&#8220;220&#8243;][vc_row_inner row_content_width=&#8220;grid&#8220; content_text_aligment=&#8220;center&#8220; css=&#8220;.vc_custom_1511953772720{margin-top: -15% !important;}&#8220;][vc_column_inner width=&#8220;5\/6&#8243; offset=&#8220;vc_col-lg-offset-0 vc_col-lg-4 vc_col-md-offset-2 vc_col-md-8 vc_col-sm-offset-1&#8243;]<div class=\"mkd-elements-holder   mkd-one-column  mkd-responsive-mode-768 \" ><div class=\"mkd-eh-item   mkd-horizontal-alignment-center \" style=\"background-color: #ffffff\" data-item-class=\"mkd-eh-custom-1357\">\n\n\t<div class=\"mkd-eh-item-inner\">\n\n\t\t<div class=\"mkd-eh-item-content mkd-eh-custom-1357\" style=\"padding: 20px 20px\">\n\t\t\t[vc_single_image image=&#8220;5786&#8243; img_size=&#8220;150&#215;150&#8243; alignment=&#8220;center&#8220; onclick=&#8220;custom_link&#8220; link=&#8220;\/de\/ellistat\/&#8220;]\t\t<\/div>\n\n\t<\/div>\n\n    <\/div><\/div><div class=\"mkd-elements-holder   mkd-one-column  mkd-responsive-mode-768 \" ><div class=\"mkd-eh-item    \" style=\"background-color: #ffffff\" data-item-class=\"mkd-eh-custom-5235\" data-768-1024=\"0 15%\" data-680-768=\"0 8%\" data-680=\"0 5%\">\n\n\t<div class=\"mkd-eh-item-inner\">\n\n\t\t<div class=\"mkd-eh-item-content mkd-eh-custom-5235\" style=\"padding: 0 12%\">\n\t\t\t[vc_empty_space height=&#8220;30px&#8220;]<div class=\"mkd-section-title-holder  mkd-st-standard mkd-st-title-left mkd-st-normal-space \" style=\"text-align: center\">\n\t<div class=\"mkd-st-inner\">\n\t\t\t\t\t<h3 class=\"mkd-st-title\" >\n\t\t\t\tEllistat\t\t\t<\/h3>\n\t\t\t\t\t\t\t<p class=\"mkd-st-text\" style=\"margin-top: 22px\">\n\t\t\t\tBeherrschen Sie Ihre Prozesse!\t\t\t<\/p>\n\t\t\t<\/div>\n<\/div>[vc_empty_space height=&#8220;62px&#8220;]\t\t<\/div>\n\n\t<\/div>\n\n    <\/div><\/div>[vc_empty_space height=&#8220;33px&#8220;][\/vc_column_inner][vc_column_inner width=&#8220;5\/6&#8243; offset=&#8220;vc_col-lg-offset-0 vc_col-lg-4 vc_col-md-offset-2 vc_col-md-8 vc_col-sm-offset-1&#8243;]<div class=\"mkd-elements-holder   mkd-one-column  mkd-responsive-mode-768 \" style=\"background-color: #ffffff\"><div class=\"mkd-eh-item   mkd-horizontal-alignment-center \"  data-item-class=\"mkd-eh-custom-6152\">\n\n\t<div class=\"mkd-eh-item-inner\">\n\n\t\t<div class=\"mkd-eh-item-content mkd-eh-custom-6152\" style=\"padding: 20px 20px\">\n\t\t\t[vc_single_image image=&#8220;5785&#8243; img_size=&#8220;150&#215;150&#8243; alignment=&#8220;center&#8220; onclick=&#8220;custom_link&#8220; link=&#8220;\/de\/quickcontrol\/&#8220;]\t\t<\/div>\n\n\t<\/div>\n\n    <\/div><\/div><div class=\"mkd-elements-holder   mkd-one-column  mkd-responsive-mode-768 \" ><div class=\"mkd-eh-item   mkd-horizontal-alignment-center \" style=\"background-color: #ffffff\" data-item-class=\"mkd-eh-custom-2737\" data-768-1024=\"0 15%\" data-680-768=\"0 8%\" data-680=\"0 5%\">\n\n\t<div class=\"mkd-eh-item-inner\">\n\n\t\t<div class=\"mkd-eh-item-content mkd-eh-custom-2737\" style=\"padding: 0 12%\">\n\t\t\t[vc_empty_space height=&#8220;30px&#8220;]<div class=\"mkd-section-title-holder  mkd-st-standard mkd-st-title-left mkd-st-normal-space \" style=\"text-align: center\">\n\t<div class=\"mkd-st-inner\">\n\t\t\t\t\t<h3 class=\"mkd-st-title\" >\n\t\t\t\tQuickControl\t\t\t<\/h3>\n\t\t\t\t\t\t\t<p class=\"mkd-st-text\" style=\"margin-top: 22px\">\n\t\t\t\tL\u00f6sung f\u00fcr die Qualit\u00e4tskontrolle\t\t\t<\/p>\n\t\t\t<\/div>\n<\/div>[vc_empty_space height=&#8220;62px&#8220;]\t\t<\/div>\n\n\t<\/div>\n\n    <\/div><\/div>[vc_empty_space height=&#8220;33px&#8220;][\/vc_column_inner][vc_column_inner width=&#8220;5\/6&#8243; offset=&#8220;vc_col-lg-offset-0 vc_col-lg-4 vc_col-md-offset-2 vc_col-md-8 vc_col-sm-offset-1&#8243;]<div class=\"mkd-elements-holder   mkd-one-column  mkd-responsive-mode-768 \" style=\"background-color: #ffffff\"><div class=\"mkd-eh-item   mkd-horizontal-alignment-center \"  data-item-class=\"mkd-eh-custom-6713\">\n\n\t<div class=\"mkd-eh-item-inner\">\n\n\t\t<div class=\"mkd-eh-item-content mkd-eh-custom-6713\" style=\"padding: 20px 20px\">\n\t\t\t[vc_single_image image=&#8220;5918&#8243; img_size=&#8220;150&#215;150&#8243; alignment=&#8220;center&#8220; onclick=&#8220;custom_link&#8220; link=&#8220;\/de\/technique-de-mesure\/&#8220;]\t\t<\/div>\n\n\t<\/div>\n\n    <\/div><\/div><div class=\"mkd-elements-holder   mkd-one-column  mkd-responsive-mode-768 \" ><div class=\"mkd-eh-item   mkd-horizontal-alignment-center \" style=\"background-color: #ffffff\" data-item-class=\"mkd-eh-custom-2145\" data-768-1024=\"0 15%\" data-680-768=\"0 8%\" data-680=\"0 5%\">\n\n\t<div class=\"mkd-eh-item-inner\">\n\n\t\t<div class=\"mkd-eh-item-content mkd-eh-custom-2145\" style=\"padding: 0 12%\">\n\t\t\t[vc_empty_space height=&#8220;30px&#8220;]<div class=\"mkd-section-title-holder  mkd-st-standard mkd-st-title-left mkd-st-normal-space \" style=\"text-align: center\">\n\t<div class=\"mkd-st-inner\">\n\t\t\t\t\t<h3 class=\"mkd-st-title\" >\n\t\t\t\tMesstechnik\t\t\t<\/h3>\n\t\t\t\t\t\t\t<p class=\"mkd-st-text\" style=\"margin-top: 22px\">\n\t\t\t\tFinden Sie das richtige Instrument!\t\t\t<\/p>\n\t\t\t<\/div>\n<\/div>[vc_empty_space height=&#8220;62px&#8220;]\t\t<\/div>\n\n\t<\/div>\n\n    <\/div><\/div>[vc_empty_space height=&#8220;33px&#8220;][\/vc_column_inner][\/vc_row_inner][vc_row_inner row_content_width=&#8220;grid&#8220; css=&#8220;.vc_custom_1511784322626{padding-top: 100px !important;padding-bottom: 102px !important;}&#8220;][vc_column_inner]<div class=\"mkd-elements-holder   mkd-four-columns  mkd-responsive-mode-1024 \" ><div class=\"mkd-eh-item   mkd-horizontal-alignment-center \"  data-item-class=\"mkd-eh-custom-2256\" data-768-1024=\"0 22%\" data-680-768=\"0 22%\" data-680=\"0 5%\">\n\n\t<div class=\"mkd-eh-item-inner\">\n\n\t\t<div class=\"mkd-eh-item-content mkd-eh-custom-2256\" style=\"padding: 0 5%\">\n\t\t\t<div class=\"mkd-iwt clearfix  mkd-iwt-icon-top mkd-iwt-icon-large\">\n\t<div class=\"mkd-iwt-icon\">\n\t\t\t\t\t<a itemprop=\"url\" href=\"\/de\/laboratoire-detalonnage-scs\" target=\"_self\">\n\t\t\t\t\t\t\t\t\t    <span class=\"mkd-icon-shortcode mkd-normal   mkd-icon-large\"  data-color=\"#ff4242\">\n                    <i class=\"mkd-icon-dripicons dripicon dripicons-meter mkd-icon-element\" style=\"color: #ff4242\" ><\/i>            <\/span>\n\t\t\t\t\t\t\t\t<\/a>\n\t\t\t<\/div>\n\t<div class=\"mkd-iwt-content\" >\n\t\t\t\t\t<h4 class=\"mkd-iwt-title\" style=\"color: #ffffff\">\n\t\t\t\t\t\t\t\t\t<a itemprop=\"url\" href=\"\/de\/laboratoire-detalonnage-scs\" target=\"_self\">\n\t\t\t\t\t\t\t\t<span class=\"mkd-iwt-title-text\">Kalibrierungslabor<\/span>\n\t\t\t\t\t\t\t\t\t<\/a>\n\t\t\t\t\t\t\t<\/h4>\n\t\t\t\t\t\t\t<p class=\"mkd-iwt-text\" >Lassen Sie Ihre Kalibrierungen von Profis durchf\u00fchren!<\/p>\n\t\t\t<\/div>\n<\/div>[vc_empty_space height=&#8220;40px&#8220;]\t\t<\/div>\n\n\t<\/div>\n\n    <\/div><div class=\"mkd-eh-item   mkd-horizontal-alignment-center \"  data-item-class=\"mkd-eh-custom-9061\" data-768-1024=\"0 22%\" data-680-768=\"0 22%\" data-680=\"0 5%\">\n\n\t<div class=\"mkd-eh-item-inner\">\n\n\t\t<div class=\"mkd-eh-item-content mkd-eh-custom-9061\" style=\"padding: 0 5%\">\n\t\t\t<div class=\"mkd-iwt clearfix  mkd-iwt-icon-top mkd-iwt-icon-large\">\n\t<div class=\"mkd-iwt-icon\">\n\t\t\t\t\t<a itemprop=\"url\" href=\"\/de\/contact-us\" target=\"_self\">\n\t\t\t\t\t\t\t\t\t    <span class=\"mkd-icon-shortcode mkd-normal   mkd-icon-large\"  data-color=\"#ff4242\">\n                    <i class=\"mkd-icon-font-awesome fa fa-arrow-right mkd-icon-element\" style=\"color: #ff4242\" ><\/i>            <\/span>\n\t\t\t\t\t\t\t\t<\/a>\n\t\t\t<\/div>\n\t<div class=\"mkd-iwt-content\" >\n\t\t\t\t\t<h4 class=\"mkd-iwt-title\" style=\"color: #ffffff\">\n\t\t\t\t\t\t\t\t\t<a itemprop=\"url\" href=\"\/de\/contact-us\" target=\"_self\">\n\t\t\t\t\t\t\t\t<span class=\"mkd-iwt-title-text\">Dienstleistungen<\/span>\n\t\t\t\t\t\t\t\t\t<\/a>\n\t\t\t\t\t\t\t<\/h4>\n\t\t\t\t\t\t\t<p class=\"mkd-iwt-text\" >Ihr Erfolg, unsere Verpflichtung. Entdecken Sie unsere Dienstleistungen!<\/p>\n\t\t\t<\/div>\n<\/div>[vc_empty_space height=&#8220;40px&#8220;]\t\t<\/div>\n\n\t<\/div>\n\n    <\/div><\/div>[\/vc_column_inner][\/vc_row_inner][\/vc_column][\/vc_row][vc_row row_content_width=&#8220;grid&#8220; simple_background_color=&#8220;#24272a&#8220; css=&#8220;.vc_custom_1511260514697{padding-top: 140px !important;padding-bottom: 140px !important;}&#8220;][vc_column]<div class=\"mkd-clients-carousel-holder mkd-cc-hover-roll-over\">\n\t<div class=\"mkd-cc-inner mkd-owl-slider\" data-number-of-items=\"3\" data-enable-loop=\"no\" data-enable-autoplay=\"no\" data-slider-speed=\"5000\" data-slider-speed-animation=\"600\" data-enable-navigation=\"no\" data-enable-pagination=\"no\">\n\t\t<div class=\"mkd-cc-item\">\n\t\t\t<a itemprop=\"url\" class=\"mkd-cc-link mkd-block-drag-link\" href=\"#\" target=\"_self\">\n\t\t\t\t\t\t<img decoding=\"async\" itemprop=\"image\" class=\"mkd-cc-image\" src=\"https:\/\/logystem.ch\/wp-content\/uploads\/2024\/01\/sylvac_bleu-300x65.png\" alt=\"\" \/>\n\t\t\t\t\t\t\t<img decoding=\"async\" itemprop=\"image\" class=\"mkd-cc-hover-image\" src=\"https:\/\/logystem.ch\/wp-content\/uploads\/2024\/01\/sylvac_rouge-300x65.png\" alt=\"\" \/>\n\t\t\t\t\t<\/a>\n\t<\/div><div class=\"mkd-cc-item\">\n\t\t\t<a itemprop=\"url\" class=\"mkd-cc-link mkd-block-drag-link\" href=\"#\" target=\"_self\">\n\t\t\t\t\t\t<img decoding=\"async\" itemprop=\"image\" class=\"mkd-cc-image\" src=\"https:\/\/logystem.ch\/wp-content\/uploads\/2024\/01\/Mitutoyo-bleu-300x83.png\" alt=\"\" \/>\n\t\t\t\t\t\t\t<img decoding=\"async\" itemprop=\"image\" class=\"mkd-cc-hover-image\" src=\"https:\/\/logystem.ch\/wp-content\/uploads\/2024\/01\/Mitutoyo-rouge-300x83.png\" alt=\"\" \/>\n\t\t\t\t\t<\/a>\n\t<\/div><div class=\"mkd-cc-item\">\n\t\t\t<a itemprop=\"url\" class=\"mkd-cc-link mkd-block-drag-link\" href=\"#\" target=\"_self\">\n\t\t\t\t\t\t<img decoding=\"async\" itemprop=\"image\" class=\"mkd-cc-image\" src=\"https:\/\/logystem.ch\/wp-content\/uploads\/2024\/01\/metro_bleu-300x60.png\" alt=\"\" \/>\n\t\t\t\t\t\t\t<img decoding=\"async\" itemprop=\"image\" class=\"mkd-cc-hover-image\" src=\"https:\/\/logystem.ch\/wp-content\/uploads\/2024\/01\/metro_rouge-300x60.png\" alt=\"\" \/>\n\t\t\t\t\t<\/a>\n\t<\/div>\t<\/div>\n<\/div>[vc_empty_space css=&#8220;.vc_custom_1511260555751{margin-top: 6% !important;}&#8220;]<div class=\"mkd-clients-carousel-holder mkd-cc-hover-roll-over\">\n\t<div class=\"mkd-cc-inner mkd-owl-slider\" data-number-of-items=\"3\" data-enable-loop=\"no\" data-enable-autoplay=\"no\" data-slider-speed=\"5000\" data-slider-speed-animation=\"600\" data-enable-navigation=\"no\" data-enable-pagination=\"yes\">\n\t\t<div class=\"mkd-cc-item\">\n\t\t\t<a itemprop=\"url\" class=\"mkd-cc-link mkd-block-drag-link\" href=\"#\" target=\"_self\">\n\t\t\t\t\t\t<img decoding=\"async\" itemprop=\"image\" class=\"mkd-cc-image\" src=\"https:\/\/logystem.ch\/wp-content\/uploads\/2024\/01\/Trimos-bleu-300x86.png\" alt=\"\" \/>\n\t\t\t\t\t\t\t<img decoding=\"async\" itemprop=\"image\" class=\"mkd-cc-hover-image\" src=\"https:\/\/logystem.ch\/wp-content\/uploads\/2024\/01\/Trimos-rouge-300x86.png\" alt=\"\" \/>\n\t\t\t\t\t<\/a>\n\t<\/div><div class=\"mkd-cc-item\">\n\t\t\t<a itemprop=\"url\" class=\"mkd-cc-link mkd-block-drag-link\" href=\"#\" target=\"_self\">\n\t\t\t\t\t\t<img decoding=\"async\" itemprop=\"image\" class=\"mkd-cc-image\" src=\"https:\/\/logystem.ch\/wp-content\/uploads\/2024\/01\/Heidenhain-bleu-300x59.png\" alt=\"\" \/>\n\t\t\t\t\t\t\t<img decoding=\"async\" itemprop=\"image\" class=\"mkd-cc-hover-image\" src=\"https:\/\/logystem.ch\/wp-content\/uploads\/2024\/01\/Heidenhain-rouge-300x59.png\" alt=\"\" \/>\n\t\t\t\t\t<\/a>\n\t<\/div><div class=\"mkd-cc-item\">\n\t\t\t<a itemprop=\"url\" class=\"mkd-cc-link mkd-block-drag-link\" href=\"#\" target=\"_self\">\n\t\t\t\t\t\t<img decoding=\"async\" itemprop=\"image\" class=\"mkd-cc-image\" src=\"https:\/\/logystem.ch\/wp-content\/uploads\/2024\/01\/Radwag-bleu-300x150.png\" alt=\"\" \/>\n\t\t\t\t\t\t\t<img decoding=\"async\" itemprop=\"image\" class=\"mkd-cc-hover-image\" src=\"https:\/\/logystem.ch\/wp-content\/uploads\/2024\/01\/Radwag-rouge-300x150.png\" alt=\"\" \/>\n\t\t\t\t\t<\/a>\n\t<\/div>\t<\/div>\n<\/div>[\/vc_column][\/vc_row][vc_row content_placement=&#8220;middle&#8220; content_text_aligment=&#8220;center&#8220;][vc_column]<a itemprop=\"url\" href=\"\/contact-us\/\" target=\"_self\"  class=\"mkd-btn mkd-btn-full-width mkd-btn-solid mkd-btn-custom-hover-bg mkd-btn-custom-border-hover\" >\n    <span class=\"mkd-btn-text\" style=\"font-size: 60px;font-family: Oswald;letter-spacing: 0;height: 200px\" data-hover-bg-color=\"#ff4242\" data-hover-border-color=\"#ff4242\">Kontaktieren Sie uns!<\/span>\n    <span class=\"mkd-btn-icon\" ><\/span>\n<\/a>[\/vc_column][\/vc_row]<\/p>\n<\/div>","protected":false},"excerpt":{"rendered":"<p>[vc_row simple_background_color=&#8220;#24272a&#8220;][vc_column][vc_empty_space height=&#8220;100px&#8220;][rev_slider_vc alias=&#8220;new-slider-1&#8243; enable_paspartu=&#8220;no&#8220;][vc_empty_space height=&#8220;220&#8243;][vc_row_inner row_content_width=&#8220;grid&#8220; content_text_aligment=&#8220;center&#8220; css=&#8220;.vc_custom_1511953772720{margin-top: -15% !important;}&#8220;][vc_column_inner width=&#8220;5\/6&#8243; offset=&#8220;vc_col-lg-offset-0 vc_col-lg-4 vc_col-md-offset-2 vc_col-md-8 vc_col-sm-offset-1&#8243;][vc_empty_space height=&#8220;33px&#8220;][\/vc_column_inner][vc_column_inner width=&#8220;5\/6&#8243; offset=&#8220;vc_col-lg-offset-0 vc_col-lg-4 vc_col-md-offset-2 vc_col-md-8 vc_col-sm-offset-1&#8243;][vc_empty_space height=&#8220;33px&#8220;][\/vc_column_inner][vc_column_inner width=&#8220;5\/6&#8243; offset=&#8220;vc_col-lg-offset-0 vc_col-lg-4 vc_col-md-offset-2 vc_col-md-8 vc_col-sm-offset-1&#8243;][vc_empty_space height=&#8220;33px&#8220;][\/vc_column_inner][\/vc_row_inner][vc_row_inner row_content_width=&#8220;grid&#8220; css=&#8220;.vc_custom_1511784322626{padding-top: 100px !important;padding-bottom: 102px !important;}&#8220;][vc_column_inner][\/vc_column_inner][\/vc_row_inner][\/vc_column][\/vc_row][vc_row row_content_width=&#8220;grid&#8220; simple_background_color=&#8220;#24272a&#8220; css=&#8220;.vc_custom_1511260514697{padding-top: 140px !important;padding-bottom: [&hellip;]<\/p>\n","protected":false},"author":1,"featured_media":0,"parent":0,"menu_order":0,"comment_status":"closed","ping_status":"closed","template":"full-width.php","meta":{"footnotes":""},"class_list":["post-6213","page","type-page","status-publish","hentry"],"yoast_head":"<!-- This site is optimized with the Yoast SEO plugin v27.3 - https:\/\/yoast.com\/product\/yoast-seo-wordpress\/ -->\n<title>Home - Logystem<\/title>\n<meta name=\"robots\" content=\"index, follow, max-snippet:-1, max-image-preview:large, max-video-preview:-1\" \/>\n<link rel=\"canonical\" href=\"https:\/\/logystem.ch\/de\/\" \/>\n<meta property=\"og:locale\" content=\"de_DE\" \/>\n<meta property=\"og:type\" content=\"article\" \/>\n<meta property=\"og:title\" content=\"Home - Logystem\" \/>\n<meta property=\"og:description\" content=\"[vc_row simple_background_color=&#8220;#24272a&#8220;][vc_column][vc_empty_space height=&#8220;100px&#8220;][rev_slider_vc alias=&#8220;new-slider-1&#8243; enable_paspartu=&#8220;no&#8220;][vc_empty_space height=&#8220;220&#8243;][vc_row_inner row_content_width=&#8220;grid&#8220; content_text_aligment=&#8220;center&#8220; css=&#8220;.vc_custom_1511953772720{margin-top: -15% !important;}&#8220;][vc_column_inner width=&#8220;5\/6&#8243; offset=&#8220;vc_col-lg-offset-0 vc_col-lg-4 vc_col-md-offset-2 vc_col-md-8 vc_col-sm-offset-1&#8243;][vc_empty_space height=&#8220;33px&#8220;][\/vc_column_inner][vc_column_inner width=&#8220;5\/6&#8243; offset=&#8220;vc_col-lg-offset-0 vc_col-lg-4 vc_col-md-offset-2 vc_col-md-8 vc_col-sm-offset-1&#8243;][vc_empty_space height=&#8220;33px&#8220;][\/vc_column_inner][vc_column_inner width=&#8220;5\/6&#8243; offset=&#8220;vc_col-lg-offset-0 vc_col-lg-4 vc_col-md-offset-2 vc_col-md-8 vc_col-sm-offset-1&#8243;][vc_empty_space height=&#8220;33px&#8220;][\/vc_column_inner][\/vc_row_inner][vc_row_inner row_content_width=&#8220;grid&#8220; css=&#8220;.vc_custom_1511784322626{padding-top: 100px !important;padding-bottom: 102px !important;}&#8220;][vc_column_inner][\/vc_column_inner][\/vc_row_inner][\/vc_column][\/vc_row][vc_row row_content_width=&#8220;grid&#8220; simple_background_color=&#8220;#24272a&#8220; css=&#8220;.vc_custom_1511260514697{padding-top: 140px !important;padding-bottom: [&hellip;]\" \/>\n<meta property=\"og:url\" content=\"https:\/\/logystem.ch\/de\/\" \/>\n<meta property=\"og:site_name\" content=\"Logystem\" \/>\n<meta property=\"article:modified_time\" content=\"2025-03-19T13:12:31+00:00\" \/>\n<meta name=\"twitter:card\" content=\"summary_large_image\" \/>\n<meta name=\"twitter:label1\" content=\"Gesch\u00e4tzte Lesezeit\" \/>\n\t<meta name=\"twitter:data1\" content=\"2\u00a0Minuten\" \/>\n<script type=\"application\/ld+json\" class=\"yoast-schema-graph\">{\"@context\":\"https:\\\/\\\/schema.org\",\"@graph\":[{\"@type\":\"WebPage\",\"@id\":\"https:\\\/\\\/logystem.ch\\\/de\\\/\",\"url\":\"https:\\\/\\\/logystem.ch\\\/de\\\/\",\"name\":\"Home - Logystem\",\"isPartOf\":{\"@id\":\"https:\\\/\\\/logystem.ch\\\/de\\\/#website\"},\"datePublished\":\"2017-11-21T06:47:01+00:00\",\"dateModified\":\"2025-03-19T13:12:31+00:00\",\"breadcrumb\":{\"@id\":\"https:\\\/\\\/logystem.ch\\\/de\\\/#breadcrumb\"},\"inLanguage\":\"de\",\"potentialAction\":[{\"@type\":\"ReadAction\",\"target\":[\"https:\\\/\\\/logystem.ch\\\/de\\\/\"]}]},{\"@type\":\"BreadcrumbList\",\"@id\":\"https:\\\/\\\/logystem.ch\\\/de\\\/#breadcrumb\",\"itemListElement\":[{\"@type\":\"ListItem\",\"position\":1,\"name\":\"Accueil\",\"item\":\"https:\\\/\\\/logystem.ch\\\/de\\\/main-home\\\/\"},{\"@type\":\"ListItem\",\"position\":2,\"name\":\"Home\"}]},{\"@type\":\"WebSite\",\"@id\":\"https:\\\/\\\/logystem.ch\\\/de\\\/#website\",\"url\":\"https:\\\/\\\/logystem.ch\\\/de\\\/\",\"name\":\"Logystem\",\"description\":\"Votre partenaire qualit\u00e9\",\"publisher\":{\"@id\":\"https:\\\/\\\/logystem.ch\\\/de\\\/#organization\"},\"potentialAction\":[{\"@type\":\"SearchAction\",\"target\":{\"@type\":\"EntryPoint\",\"urlTemplate\":\"https:\\\/\\\/logystem.ch\\\/de\\\/?s={search_term_string}\"},\"query-input\":{\"@type\":\"PropertyValueSpecification\",\"valueRequired\":true,\"valueName\":\"search_term_string\"}}],\"inLanguage\":\"de\"},{\"@type\":\"Organization\",\"@id\":\"https:\\\/\\\/logystem.ch\\\/de\\\/#organization\",\"name\":\"Logystem\",\"url\":\"https:\\\/\\\/logystem.ch\\\/de\\\/\",\"logo\":{\"@type\":\"ImageObject\",\"inLanguage\":\"de\",\"@id\":\"https:\\\/\\\/logystem.ch\\\/de\\\/#\\\/schema\\\/logo\\\/image\\\/\",\"url\":\"https:\\\/\\\/logystem.ch\\\/wp-content\\\/uploads\\\/2023\\\/11\\\/Logo_logystem_DEF_CMYK_200x88mm_600dpi_Original.png\",\"contentUrl\":\"https:\\\/\\\/logystem.ch\\\/wp-content\\\/uploads\\\/2023\\\/11\\\/Logo_logystem_DEF_CMYK_200x88mm_600dpi_Original.png\",\"width\":600,\"height\":265,\"caption\":\"Logystem\"},\"image\":{\"@id\":\"https:\\\/\\\/logystem.ch\\\/de\\\/#\\\/schema\\\/logo\\\/image\\\/\"}}]}<\/script>\n<!-- \/ Yoast SEO plugin. -->","yoast_head_json":{"title":"Home - Logystem","robots":{"index":"index","follow":"follow","max-snippet":"max-snippet:-1","max-image-preview":"max-image-preview:large","max-video-preview":"max-video-preview:-1"},"canonical":"https:\/\/logystem.ch\/de\/","og_locale":"de_DE","og_type":"article","og_title":"Home - Logystem","og_description":"[vc_row simple_background_color=&#8220;#24272a&#8220;][vc_column][vc_empty_space height=&#8220;100px&#8220;][rev_slider_vc alias=&#8220;new-slider-1&#8243; enable_paspartu=&#8220;no&#8220;][vc_empty_space height=&#8220;220&#8243;][vc_row_inner row_content_width=&#8220;grid&#8220; content_text_aligment=&#8220;center&#8220; css=&#8220;.vc_custom_1511953772720{margin-top: -15% !important;}&#8220;][vc_column_inner width=&#8220;5\/6&#8243; offset=&#8220;vc_col-lg-offset-0 vc_col-lg-4 vc_col-md-offset-2 vc_col-md-8 vc_col-sm-offset-1&#8243;][vc_empty_space height=&#8220;33px&#8220;][\/vc_column_inner][vc_column_inner width=&#8220;5\/6&#8243; offset=&#8220;vc_col-lg-offset-0 vc_col-lg-4 vc_col-md-offset-2 vc_col-md-8 vc_col-sm-offset-1&#8243;][vc_empty_space height=&#8220;33px&#8220;][\/vc_column_inner][vc_column_inner width=&#8220;5\/6&#8243; offset=&#8220;vc_col-lg-offset-0 vc_col-lg-4 vc_col-md-offset-2 vc_col-md-8 vc_col-sm-offset-1&#8243;][vc_empty_space height=&#8220;33px&#8220;][\/vc_column_inner][\/vc_row_inner][vc_row_inner row_content_width=&#8220;grid&#8220; css=&#8220;.vc_custom_1511784322626{padding-top: 100px !important;padding-bottom: 102px !important;}&#8220;][vc_column_inner][\/vc_column_inner][\/vc_row_inner][\/vc_column][\/vc_row][vc_row row_content_width=&#8220;grid&#8220; simple_background_color=&#8220;#24272a&#8220; css=&#8220;.vc_custom_1511260514697{padding-top: 140px !important;padding-bottom: [&hellip;]","og_url":"https:\/\/logystem.ch\/de\/","og_site_name":"Logystem","article_modified_time":"2025-03-19T13:12:31+00:00","twitter_card":"summary_large_image","twitter_misc":{"Gesch\u00e4tzte Lesezeit":"2\u00a0Minuten"},"schema":{"@context":"https:\/\/schema.org","@graph":[{"@type":"WebPage","@id":"https:\/\/logystem.ch\/de\/","url":"https:\/\/logystem.ch\/de\/","name":"Home - Logystem","isPartOf":{"@id":"https:\/\/logystem.ch\/de\/#website"},"datePublished":"2017-11-21T06:47:01+00:00","dateModified":"2025-03-19T13:12:31+00:00","breadcrumb":{"@id":"https:\/\/logystem.ch\/de\/#breadcrumb"},"inLanguage":"de","potentialAction":[{"@type":"ReadAction","target":["https:\/\/logystem.ch\/de\/"]}]},{"@type":"BreadcrumbList","@id":"https:\/\/logystem.ch\/de\/#breadcrumb","itemListElement":[{"@type":"ListItem","position":1,"name":"Accueil","item":"https:\/\/logystem.ch\/de\/main-home\/"},{"@type":"ListItem","position":2,"name":"Home"}]},{"@type":"WebSite","@id":"https:\/\/logystem.ch\/de\/#website","url":"https:\/\/logystem.ch\/de\/","name":"Logystem","description":"Votre partenaire qualit\u00e9","publisher":{"@id":"https:\/\/logystem.ch\/de\/#organization"},"potentialAction":[{"@type":"SearchAction","target":{"@type":"EntryPoint","urlTemplate":"https:\/\/logystem.ch\/de\/?s={search_term_string}"},"query-input":{"@type":"PropertyValueSpecification","valueRequired":true,"valueName":"search_term_string"}}],"inLanguage":"de"},{"@type":"Organization","@id":"https:\/\/logystem.ch\/de\/#organization","name":"Logystem","url":"https:\/\/logystem.ch\/de\/","logo":{"@type":"ImageObject","inLanguage":"de","@id":"https:\/\/logystem.ch\/de\/#\/schema\/logo\/image\/","url":"https:\/\/logystem.ch\/wp-content\/uploads\/2023\/11\/Logo_logystem_DEF_CMYK_200x88mm_600dpi_Original.png","contentUrl":"https:\/\/logystem.ch\/wp-content\/uploads\/2023\/11\/Logo_logystem_DEF_CMYK_200x88mm_600dpi_Original.png","width":600,"height":265,"caption":"Logystem"},"image":{"@id":"https:\/\/logystem.ch\/de\/#\/schema\/logo\/image\/"}}]}},"_links":{"self":[{"href":"https:\/\/logystem.ch\/de\/wp-json\/wp\/v2\/pages\/6213","targetHints":{"allow":["GET"]}}],"collection":[{"href":"https:\/\/logystem.ch\/de\/wp-json\/wp\/v2\/pages"}],"about":[{"href":"https:\/\/logystem.ch\/de\/wp-json\/wp\/v2\/types\/page"}],"author":[{"embeddable":true,"href":"https:\/\/logystem.ch\/de\/wp-json\/wp\/v2\/users\/1"}],"replies":[{"embeddable":true,"href":"https:\/\/logystem.ch\/de\/wp-json\/wp\/v2\/comments?post=6213"}],"version-history":[{"count":11,"href":"https:\/\/logystem.ch\/de\/wp-json\/wp\/v2\/pages\/6213\/revisions"}],"predecessor-version":[{"id":6219,"href":"https:\/\/logystem.ch\/de\/wp-json\/wp\/v2\/pages\/6213\/revisions\/6219"}],"wp:attachment":[{"href":"https:\/\/logystem.ch\/de\/wp-json\/wp\/v2\/media?parent=6213"}],"curies":[{"name":"wp","href":"https:\/\/api.w.org\/{rel}","templated":true}]}}